{"id":1063,"date":"2025-09-04T10:09:02","date_gmt":"2025-09-04T10:09:02","guid":{"rendered":"https:\/\/www.corbetta-enea-shop.com\/b2b\/prodotto\/robot-tagliaerba-autonomo-a-1000-stiga\/"},"modified":"2025-12-18T12:22:27","modified_gmt":"2025-12-18T12:22:27","slug":"robot-tagliaerba-autonomo-a-1000-stiga","status":"publish","type":"product","link":"https:\/\/www.corbetta-enea-shop.com\/b2b\/prodotto\/robot-tagliaerba-autonomo-a-1000-stiga\/","title":{"rendered":"ROBOT TAGLIAERBA AUTONOMO A 1000 STIGA"},"content":{"rendered":"<p>Info generali; Lineup A-series, SKU 2R7101028\/ST2, EAN\/UPC 8008984864672, Level Experience, Tipo di perimetro Virtuale (senza cavo perimetrale), Potenza; Alimentazione Batteria, Capacit\u00e0 batteria 2.5 Ah, Power kit Incluso, ePower Si, Tempo di ricarica 60 m, Tempo massimo di taglio per ciclo 1 h 30 min, Area di taglio fino a 1400, Kit batteria Incluso, Tipo di motore Senza spazzole, Tipo batteria Ioni di litio, Voltaggio batteria 25.2 V, Sistema di ricarica Automatico, Sistema di taglio; Tipo di lama 4 lame pivotanti, Altezza di taglio a zona No, Taglio organizzato Si, Gestione delle zone di taglio Fino a 7, Numero di zone di esclusione (ostacoli o zone di esclusione) 50, Regolazione intelligente dell&#8217;altezza di taglio No, Esclusione zona virtuale Si, Larghezza di taglio 18 cm, Regolazione altezza di taglio Elettronica, Altezze di taglio 20 &#8211; 60 mm, Velocit\u00e0 lama 2850 rpm, Velocit\u00e0 massima di taglio 22 m\/m, Ritorno alla carica Percorso breve automatico, Sensori pioggia Si, Pendenza massima 45%, Equipaggiamento; Tipo di attacco Schuko (Tipo F), Navigazione e Dispositivi; Ricevitore bluetooth Si, GPS Si, Riferimento antenna GPS Incluso, Tecnologia AGS Stiga S\u00ec, Pacchetti di connettivit\u00e0 e navigazione inclusi Connettivit\u00e0 gratuita, Interfaccia utente Tastiera, Equipaggiamento standard e installazione; Copertura base Opzionale, Base di ricarica Si, Chiodi di fissaggio 7 Pc, Sicurezza dei prodotti; Sensore di sollevamento Si, Sensori di rilevamento ostacoli Si, Notifica presenza ostacoli No, APP Lock Si, Notifica furto Si, Sensore anti-ribaltamento Si, Dati di vibrazione e rumorosit\u00e0; Livello di potenza sonora garantito (LwA) dB(A) 59, Livello di potenza sonora misurato (LwA) dB(A) 57, Dimensioni complessive; Peso confezione 16.2 kg, Peso prodotto senza batteria 7.75 kg, Lunghezza prodotto 545 mm, Larghezza prodotto 405 mm, Altezza prodotto 245 mm.<\/p>\n","protected":false},"excerpt":{"rendered":"<p>Info generali; Lineup A-series, SKU 2R7101028\/ST2, EAN\/UPC 8008984864672, Level Experience, Tipo di perimetro Virtuale (senza cavo perimetrale).<\/p>\n","protected":false},"featured_media":2200,"template":"","meta":[],"product_brand":[],"product_cat":[16,41,106],"product_tag":[161,178,179,211],"class_list":{"0":"post-1063","1":"product","2":"type-product","3":"status-publish","4":"has-post-thumbnail","6":"product_cat-16","7":"product_cat-41","8":"product_cat-106","9":"product_tag-motore-a-batteria","10":"product_tag-robot-tosaerba","11":"product_tag-robottino","12":"product_tag-stiga","14":"first","15":"instock","16":"shipping-taxable","17":"purchasable","18":"product-type-simple"},"_links":{"self":[{"href":"https:\/\/www.corbetta-enea-shop.com\/b2b\/wp-json\/wp\/v2\/product\/1063","targetHints":{"allow":["GET"]}}],"collection":[{"href":"https:\/\/www.corbetta-enea-shop.com\/b2b\/wp-json\/wp\/v2\/product"}],"about":[{"href":"https:\/\/www.corbetta-enea-shop.com\/b2b\/wp-json\/wp\/v2\/types\/product"}],"wp:featuredmedia":[{"embeddable":true,"href":"https:\/\/www.corbetta-enea-shop.com\/b2b\/wp-json\/wp\/v2\/media\/2200"}],"wp:attachment":[{"href":"https:\/\/www.corbetta-enea-shop.com\/b2b\/wp-json\/wp\/v2\/media?parent=1063"}],"wp:term":[{"taxonomy":"product_brand","embeddable":true,"href":"https:\/\/www.corbetta-enea-shop.com\/b2b\/wp-json\/wp\/v2\/product_brand?post=1063"},{"taxonomy":"product_cat","embeddable":true,"href":"https:\/\/www.corbetta-enea-shop.com\/b2b\/wp-json\/wp\/v2\/product_cat?post=1063"},{"taxonomy":"product_tag","embeddable":true,"href":"https:\/\/www.corbetta-enea-shop.com\/b2b\/wp-json\/wp\/v2\/product_tag?post=1063"}],"curies":[{"name":"wp","href":"https:\/\/api.w.org\/{rel}","templated":true}]}}