{"id":1101,"date":"2025-09-05T09:23:16","date_gmt":"2025-09-05T09:23:16","guid":{"rendered":"https:\/\/www.corbetta-enea-shop.com\/b2b\/prodotto\/tagliasiepi-a-batteria-ht6500e-ego\/"},"modified":"2025-12-18T13:36:25","modified_gmt":"2025-12-18T13:36:25","slug":"tagliasiepi-a-batteria-ht6500e-ego","status":"publish","type":"product","link":"https:\/\/www.corbetta-enea-shop.com\/b2b\/prodotto\/tagliasiepi-a-batteria-ht6500e-ego\/","title":{"rendered":"TAGLIASIEPI A BATTERIA HT6500E EGO"},"content":{"rendered":"<p>Porta della batteria Porta singola, Trattamento della lama Taglio al laser, Tipo di lama Doppia faccia, Doppia azione S\u00ec, Protezione della punta della lama S\u00ec, Maniglia principale girevole S\u00ec, Selezione della velocit\u00e0 S\u00ec, Grilletto maniglia anteriore S\u00ec, Alloggi utilizzabili No, Lunghezza lama (cm) 65, Capacit\u00e0 di taglio (mm) 33, Peso Dell&#8217;Utensile (kg) 3.8, Profondit\u00e0 del dente della lama (mm) 20.<\/p>\n","protected":false},"excerpt":{"rendered":"<p>Porta della batteria Porta singola, Trattamento della lama Taglio al laser, Tipo di lama Doppia faccia, Doppia azione S\u00ec, Protezione della punta della lama S\u00ec.<\/p>\n","protected":false},"featured_media":2425,"template":"","meta":[],"product_brand":[],"product_cat":[16,48,128],"product_tag":[199,161,164],"class_list":{"0":"post-1101","1":"product","2":"type-product","3":"status-publish","4":"has-post-thumbnail","6":"product_cat-16","7":"product_cat-48","8":"product_cat-128","9":"product_tag-ego","10":"product_tag-motore-a-batteria","11":"product_tag-tagliasiepe","13":"first","14":"instock","15":"shipping-taxable","16":"purchasable","17":"product-type-simple"},"_links":{"self":[{"href":"https:\/\/www.corbetta-enea-shop.com\/b2b\/wp-json\/wp\/v2\/product\/1101","targetHints":{"allow":["GET"]}}],"collection":[{"href":"https:\/\/www.corbetta-enea-shop.com\/b2b\/wp-json\/wp\/v2\/product"}],"about":[{"href":"https:\/\/www.corbetta-enea-shop.com\/b2b\/wp-json\/wp\/v2\/types\/product"}],"wp:featuredmedia":[{"embeddable":true,"href":"https:\/\/www.corbetta-enea-shop.com\/b2b\/wp-json\/wp\/v2\/media\/2425"}],"wp:attachment":[{"href":"https:\/\/www.corbetta-enea-shop.com\/b2b\/wp-json\/wp\/v2\/media?parent=1101"}],"wp:term":[{"taxonomy":"product_brand","embeddable":true,"href":"https:\/\/www.corbetta-enea-shop.com\/b2b\/wp-json\/wp\/v2\/product_brand?post=1101"},{"taxonomy":"product_cat","embeddable":true,"href":"https:\/\/www.corbetta-enea-shop.com\/b2b\/wp-json\/wp\/v2\/product_cat?post=1101"},{"taxonomy":"product_tag","embeddable":true,"href":"https:\/\/www.corbetta-enea-shop.com\/b2b\/wp-json\/wp\/v2\/product_tag?post=1101"}],"curies":[{"name":"wp","href":"https:\/\/api.w.org\/{rel}","templated":true}]}}