{"id":1103,"date":"2025-09-05T09:23:33","date_gmt":"2025-09-05T09:23:33","guid":{"rendered":"https:\/\/www.corbetta-enea-shop.com\/b2b\/prodotto\/soffiatore-a-zaino-a-batteria-lb6000e-ego\/"},"modified":"2025-12-18T13:36:39","modified_gmt":"2025-12-18T13:36:39","slug":"soffiatore-a-zaino-a-batteria-lb6000e-ego","status":"publish","type":"product","link":"https:\/\/www.corbetta-enea-shop.com\/b2b\/prodotto\/soffiatore-a-zaino-a-batteria-lb6000e-ego\/","title":{"rendered":"SOFFIATORE A ZAINO A BATTERIA LB6000E EGO"},"content":{"rendered":"<p>Tensione (V) 56, Porta della batteria Porta singola, Massimo Forza propulsiva (N) 19.2, Tipo di tubo Staccabile, Tipo Di Soffiatore Axial, Cintura Toracica S\u00ec, Forza (N) 19.2, Vibrazione (m\/s\u00b2) 0.52, Livello Di Potenza Sonora Lwa (dB(A)) 95, Potenza Acustica Incerta (K) (dB(A)) 0.8, Pressione Sonora Incerta (K) (dB(A)) 2.5, Vibrazione Incertezza (K) (m\/s\u00b2) 1.5, Impugnatura regolabile S\u00ec, Blocco della velocit\u00e0 S\u00ec, Indicatore di velocit\u00e0 No, Funzione di potenziamento S\u00ec, Blocco Boost No, Massimo Volume d&#8217;aria (m\u00b3\/h) 1020, Massimo Velocit\u00e0 dell&#8217;aria (m\/s) 64, Lunghezza Utensile (mm) 1,325, Larghezza Dell&#8217;Utensile (mm) 455, Altezza Utensile (mm) 170, Peso Dell&#8217;Utensile (kg) 5.7.<\/p>\n","protected":false},"excerpt":{"rendered":"<p>Tensione (V) 56, Porta della batteria Porta singola, Massimo Forza propulsiva (N) 19.2, Tipo di tubo Staccabile, Tipo Di Soffiatore Axial.<\/p>\n","protected":false},"featured_media":2426,"template":"","meta":[],"product_brand":[],"product_cat":[16,43,112],"product_tag":[199,161,167],"class_list":{"0":"post-1103","1":"product","2":"type-product","3":"status-publish","4":"has-post-thumbnail","6":"product_cat-16","7":"product_cat-43","8":"product_cat-112","9":"product_tag-ego","10":"product_tag-motore-a-batteria","11":"product_tag-soffiatore","13":"first","14":"instock","15":"shipping-taxable","16":"purchasable","17":"product-type-simple"},"_links":{"self":[{"href":"https:\/\/www.corbetta-enea-shop.com\/b2b\/wp-json\/wp\/v2\/product\/1103","targetHints":{"allow":["GET"]}}],"collection":[{"href":"https:\/\/www.corbetta-enea-shop.com\/b2b\/wp-json\/wp\/v2\/product"}],"about":[{"href":"https:\/\/www.corbetta-enea-shop.com\/b2b\/wp-json\/wp\/v2\/types\/product"}],"wp:featuredmedia":[{"embeddable":true,"href":"https:\/\/www.corbetta-enea-shop.com\/b2b\/wp-json\/wp\/v2\/media\/2426"}],"wp:attachment":[{"href":"https:\/\/www.corbetta-enea-shop.com\/b2b\/wp-json\/wp\/v2\/media?parent=1103"}],"wp:term":[{"taxonomy":"product_brand","embeddable":true,"href":"https:\/\/www.corbetta-enea-shop.com\/b2b\/wp-json\/wp\/v2\/product_brand?post=1103"},{"taxonomy":"product_cat","embeddable":true,"href":"https:\/\/www.corbetta-enea-shop.com\/b2b\/wp-json\/wp\/v2\/product_cat?post=1103"},{"taxonomy":"product_tag","embeddable":true,"href":"https:\/\/www.corbetta-enea-shop.com\/b2b\/wp-json\/wp\/v2\/product_tag?post=1103"}],"curies":[{"name":"wp","href":"https:\/\/api.w.org\/{rel}","templated":true}]}}