{"id":1114,"date":"2025-09-05T09:24:50","date_gmt":"2025-09-05T09:24:50","guid":{"rendered":"https:\/\/www.corbetta-enea-shop.com\/b2b\/prodotto\/applicazione-tagliabordi-verticale-per-multitool-ea0800-ego\/"},"modified":"2025-12-18T13:37:41","modified_gmt":"2025-12-18T13:37:41","slug":"applicazione-tagliabordi-verticale-per-multitool-ea0800-ego","status":"publish","type":"product","link":"https:\/\/www.corbetta-enea-shop.com\/b2b\/prodotto\/applicazione-tagliabordi-verticale-per-multitool-ea0800-ego\/","title":{"rendered":"APPLICAZIONE TAGLIABORDI VERTICALE PER MULTITOOL EA0800 EGO"},"content":{"rendered":"<p>Tipo di lama Bar, Materiale Anti Scheggie Fusione di alluminio, Classe IP IPX4, Livello Di Potenza Sonora Lwa (dB(A)) 79.8, Potenza Acustica Incerta (K) (dB(A)) 92.4, Regolazione Dell&#8217;Altezza Della Ruota Di Guida S\u00ec, Piastra Guida S\u00ec, Schermo Posteriore Rimovibile S\u00ec, Dimensioni lama (mm) 200, Profondit\u00e0 Di Taglio (mm) 75, Spessore Lama (mm) 3, Diametro del foro dell&#8217;albero della lama (mm) 25.4, Lunghezza Utensile (mm) 920, Larghezza Dell&#8217;Utensile (mm) 230, Peso Dell&#8217;Utensile (kg) 2.26, Lunghezza Totale Pi\u00f9 Testa Di Alimentazione (mm) 1,850.<\/p>\n","protected":false},"excerpt":{"rendered":"<p>Tipo di lama Bar, Materiale Anti Scheggie Fusione di alluminio, Classe IP IPX4, Livello Di Potenza Sonora Lwa (dB(A)) 79.8.<\/p>\n","protected":false},"featured_media":2431,"template":"","meta":[],"product_brand":[],"product_cat":[16,46,121],"product_tag":[199,161,203,188],"class_list":{"0":"post-1114","1":"product","2":"type-product","3":"status-publish","4":"has-post-thumbnail","6":"product_cat-16","7":"product_cat-46","8":"product_cat-121","9":"product_tag-ego","10":"product_tag-motore-a-batteria","11":"product_tag-multitool","12":"product_tag-tagliabordi","14":"first","15":"instock","16":"shipping-taxable","17":"purchasable","18":"product-type-simple"},"_links":{"self":[{"href":"https:\/\/www.corbetta-enea-shop.com\/b2b\/wp-json\/wp\/v2\/product\/1114","targetHints":{"allow":["GET"]}}],"collection":[{"href":"https:\/\/www.corbetta-enea-shop.com\/b2b\/wp-json\/wp\/v2\/product"}],"about":[{"href":"https:\/\/www.corbetta-enea-shop.com\/b2b\/wp-json\/wp\/v2\/types\/product"}],"wp:featuredmedia":[{"embeddable":true,"href":"https:\/\/www.corbetta-enea-shop.com\/b2b\/wp-json\/wp\/v2\/media\/2431"}],"wp:attachment":[{"href":"https:\/\/www.corbetta-enea-shop.com\/b2b\/wp-json\/wp\/v2\/media?parent=1114"}],"wp:term":[{"taxonomy":"product_brand","embeddable":true,"href":"https:\/\/www.corbetta-enea-shop.com\/b2b\/wp-json\/wp\/v2\/product_brand?post=1114"},{"taxonomy":"product_cat","embeddable":true,"href":"https:\/\/www.corbetta-enea-shop.com\/b2b\/wp-json\/wp\/v2\/product_cat?post=1114"},{"taxonomy":"product_tag","embeddable":true,"href":"https:\/\/www.corbetta-enea-shop.com\/b2b\/wp-json\/wp\/v2\/product_tag?post=1114"}],"curies":[{"name":"wp","href":"https:\/\/api.w.org\/{rel}","templated":true}]}}