{"id":1144,"date":"2025-09-05T09:29:05","date_gmt":"2025-09-05T09:29:05","guid":{"rendered":"https:\/\/www.corbetta-enea-shop.com\/b2b\/prodotto\/batteria-ba1400t-ego\/"},"modified":"2025-12-18T13:40:18","modified_gmt":"2025-12-18T13:40:18","slug":"batteria-ba1400t-ego","status":"publish","type":"product","link":"https:\/\/www.corbetta-enea-shop.com\/b2b\/prodotto\/batteria-ba1400t-ego\/","title":{"rendered":"BATTERIA BA1400T EGO"},"content":{"rendered":"<p>Tensione (V) 56, Tipo di alimentazione della batteria Lithium-ion, Fornitore di celle Samsung SDI, Numero modello cella INR18650-25R(5), Massimo Corrente di scarica continua (A) 20, Capacit\u00e0 della batteria (Ah) 2.5, Configurazione della batteria 14S1P, Numero di celle della batteria 14, Connessione BLE No, Connessione WIFI No, Caricabatterie non compatibile No, Indicatore del livello della batteria S\u00ec, Tecnologia di raffreddamento materiale a cambiamento di fase, Funzione IoT S\u00ec, Autodiagnosi S\u00ec, Massimo Lunghezza della batteria (mm) 186, Massimo Larghezza della batteria (mm) 132, Massimo Altezza della batteria (mm) 73.<\/p>\n","protected":false},"excerpt":{"rendered":"<p>Tensione (V) 56, Tipo di alimentazione della batteria Lithium-ion, Fornitore di celle Samsung SDI, Numero modello cella INR18650-25R(5).<\/p>\n","protected":false},"featured_media":2443,"template":"","meta":[],"product_brand":[],"product_cat":[220],"product_tag":[171,199,161],"class_list":{"0":"post-1144","1":"product","2":"type-product","3":"status-publish","4":"has-post-thumbnail","6":"product_cat-220","7":"product_tag-batteria","8":"product_tag-ego","9":"product_tag-motore-a-batteria","11":"first","12":"instock","13":"shipping-taxable","14":"purchasable","15":"product-type-simple"},"_links":{"self":[{"href":"https:\/\/www.corbetta-enea-shop.com\/b2b\/wp-json\/wp\/v2\/product\/1144","targetHints":{"allow":["GET"]}}],"collection":[{"href":"https:\/\/www.corbetta-enea-shop.com\/b2b\/wp-json\/wp\/v2\/product"}],"about":[{"href":"https:\/\/www.corbetta-enea-shop.com\/b2b\/wp-json\/wp\/v2\/types\/product"}],"wp:featuredmedia":[{"embeddable":true,"href":"https:\/\/www.corbetta-enea-shop.com\/b2b\/wp-json\/wp\/v2\/media\/2443"}],"wp:attachment":[{"href":"https:\/\/www.corbetta-enea-shop.com\/b2b\/wp-json\/wp\/v2\/media?parent=1144"}],"wp:term":[{"taxonomy":"product_brand","embeddable":true,"href":"https:\/\/www.corbetta-enea-shop.com\/b2b\/wp-json\/wp\/v2\/product_brand?post=1144"},{"taxonomy":"product_cat","embeddable":true,"href":"https:\/\/www.corbetta-enea-shop.com\/b2b\/wp-json\/wp\/v2\/product_cat?post=1144"},{"taxonomy":"product_tag","embeddable":true,"href":"https:\/\/www.corbetta-enea-shop.com\/b2b\/wp-json\/wp\/v2\/product_tag?post=1144"}],"curies":[{"name":"wp","href":"https:\/\/api.w.org\/{rel}","templated":true}]}}