{"id":1184,"date":"2025-09-05T09:34:39","date_gmt":"2025-09-05T09:34:39","guid":{"rendered":"https:\/\/www.corbetta-enea-shop.com\/b2b\/prodotto\/applicazione-tagliasiepi-professionale-ptx5100-ego\/"},"modified":"2025-12-18T13:43:42","modified_gmt":"2025-12-18T13:43:42","slug":"applicazione-tagliasiepi-professionale-ptx5100-ego","status":"publish","type":"product","link":"https:\/\/www.corbetta-enea-shop.com\/b2b\/prodotto\/applicazione-tagliasiepi-professionale-ptx5100-ego\/","title":{"rendered":"APPLICAZIONE TAGLIASIEPI PROFESSIONALE PTX5100 EGO"},"content":{"rendered":"<p>Trattamento della lama Taglio al laser, Movimento Della Lama Lame a doppia azione, Funzione Di Articolazione Dell&#8217;Angolo Articolazione, Posizione Di Articolazione 6 posizioni, Classe IP IPX4, Protezione della punta della lama No, Livello Di Potenza Sonora Lwa (dB(A)) 94, Potenza Acustica Incerta (K) (dB(A)) 1.7, Pressione Sonora Incerta (K) (dB(A)) 3, Vibrazione Incertezza (K) (m\/s\u00b2) 1.5\/1.5, Lunghezza Della Lama (mm) 510, Capacit\u00e0 di taglio (mm) 26, Velocit\u00e0 Di Taglio (spm) 3,000, Peso Dell&#8217;Utensile (kg) 2.7, Lunghezza Totale Pi\u00f9 Testa Di Alimentazione (mm) 2,700.<\/p>\n","protected":false},"excerpt":{"rendered":"<p>Trattamento della lama Taglio al laser, Movimento Della Lama Lame a doppia azione, Funzione Di Articolazione Dell&#8217;Angolo Articolazione.<\/p>\n","protected":false},"featured_media":2458,"template":"","meta":[],"product_brand":[],"product_cat":[16,48,128],"product_tag":[202,199,161,203,164],"class_list":{"0":"post-1184","1":"product","2":"type-product","3":"status-publish","4":"has-post-thumbnail","6":"product_cat-16","7":"product_cat-48","8":"product_cat-128","9":"product_tag-accessorio","10":"product_tag-ego","11":"product_tag-motore-a-batteria","12":"product_tag-multitool","13":"product_tag-tagliasiepe","15":"first","16":"instock","17":"shipping-taxable","18":"purchasable","19":"product-type-simple"},"_links":{"self":[{"href":"https:\/\/www.corbetta-enea-shop.com\/b2b\/wp-json\/wp\/v2\/product\/1184","targetHints":{"allow":["GET"]}}],"collection":[{"href":"https:\/\/www.corbetta-enea-shop.com\/b2b\/wp-json\/wp\/v2\/product"}],"about":[{"href":"https:\/\/www.corbetta-enea-shop.com\/b2b\/wp-json\/wp\/v2\/types\/product"}],"wp:featuredmedia":[{"embeddable":true,"href":"https:\/\/www.corbetta-enea-shop.com\/b2b\/wp-json\/wp\/v2\/media\/2458"}],"wp:attachment":[{"href":"https:\/\/www.corbetta-enea-shop.com\/b2b\/wp-json\/wp\/v2\/media?parent=1184"}],"wp:term":[{"taxonomy":"product_brand","embeddable":true,"href":"https:\/\/www.corbetta-enea-shop.com\/b2b\/wp-json\/wp\/v2\/product_brand?post=1184"},{"taxonomy":"product_cat","embeddable":true,"href":"https:\/\/www.corbetta-enea-shop.com\/b2b\/wp-json\/wp\/v2\/product_cat?post=1184"},{"taxonomy":"product_tag","embeddable":true,"href":"https:\/\/www.corbetta-enea-shop.com\/b2b\/wp-json\/wp\/v2\/product_tag?post=1184"}],"curies":[{"name":"wp","href":"https:\/\/api.w.org\/{rel}","templated":true}]}}