{"id":1194,"date":"2025-09-05T09:35:55","date_gmt":"2025-09-05T09:35:55","guid":{"rendered":"https:\/\/www.corbetta-enea-shop.com\/b2b\/prodotto\/tagliasiepi-a-batteria-ht2000e-ego\/"},"modified":"2025-12-18T13:44:32","modified_gmt":"2025-12-18T13:44:32","slug":"tagliasiepi-a-batteria-ht2000e-ego","status":"publish","type":"product","link":"https:\/\/www.corbetta-enea-shop.com\/b2b\/prodotto\/tagliasiepi-a-batteria-ht2000e-ego\/","title":{"rendered":"TAGLIASIEPI A BATTERIA HT2000E EGO"},"content":{"rendered":"<p>Tensione (V) 56, Porta della batteria Porta singola, Trattamento della lama Taglio al laser, Tipo di lama Singolo lato, Doppia azione S\u00ec, Classe IP IPX4, Livello Di Potenza Sonora Lwa (dB(A)) 94, Potenza Acustica Incerta (K) (dB(A)) 1.03, Pressione Sonora Incerta (K) (dB(A)) 3, Vibrazione Incertezza (K) (m\/s\u00b2) 1.5\/1.5, Protezione della punta della lama S\u00ec, Maniglia principale girevole No, Selezione della velocit\u00e0 No, Grilletto maniglia anteriore S\u00ec, Alloggi utilizzabili S\u00ec, Velocit\u00e0 a vuoto (spm) 3,000, Lunghezza lama (cm) 51, Capacit\u00e0 di taglio (mm) 25, Peso Dell&#8217;Utensile (kg) 2.9, Profondit\u00e0 del dente della lama (mm) 20.<\/p>\n","protected":false},"excerpt":{"rendered":"<p>Tensione (V) 56, Porta della batteria Porta singola, Trattamento della lama Taglio al laser, Tipo di lama Singolo lato, Doppia azione S\u00ec, Classe IP IPX4.<\/p>\n","protected":false},"featured_media":2462,"template":"","meta":[],"product_brand":[],"product_cat":[16,48,128],"product_tag":[199,161,164],"class_list":{"0":"post-1194","1":"product","2":"type-product","3":"status-publish","4":"has-post-thumbnail","6":"product_cat-16","7":"product_cat-48","8":"product_cat-128","9":"product_tag-ego","10":"product_tag-motore-a-batteria","11":"product_tag-tagliasiepe","13":"first","14":"instock","15":"shipping-taxable","16":"purchasable","17":"product-type-simple"},"_links":{"self":[{"href":"https:\/\/www.corbetta-enea-shop.com\/b2b\/wp-json\/wp\/v2\/product\/1194","targetHints":{"allow":["GET"]}}],"collection":[{"href":"https:\/\/www.corbetta-enea-shop.com\/b2b\/wp-json\/wp\/v2\/product"}],"about":[{"href":"https:\/\/www.corbetta-enea-shop.com\/b2b\/wp-json\/wp\/v2\/types\/product"}],"wp:featuredmedia":[{"embeddable":true,"href":"https:\/\/www.corbetta-enea-shop.com\/b2b\/wp-json\/wp\/v2\/media\/2462"}],"wp:attachment":[{"href":"https:\/\/www.corbetta-enea-shop.com\/b2b\/wp-json\/wp\/v2\/media?parent=1194"}],"wp:term":[{"taxonomy":"product_brand","embeddable":true,"href":"https:\/\/www.corbetta-enea-shop.com\/b2b\/wp-json\/wp\/v2\/product_brand?post=1194"},{"taxonomy":"product_cat","embeddable":true,"href":"https:\/\/www.corbetta-enea-shop.com\/b2b\/wp-json\/wp\/v2\/product_cat?post=1194"},{"taxonomy":"product_tag","embeddable":true,"href":"https:\/\/www.corbetta-enea-shop.com\/b2b\/wp-json\/wp\/v2\/product_tag?post=1194"}],"curies":[{"name":"wp","href":"https:\/\/api.w.org\/{rel}","templated":true}]}}