{"id":1233,"date":"2025-09-05T09:40:25","date_gmt":"2025-09-05T09:40:25","guid":{"rendered":"https:\/\/www.corbetta-enea-shop.com\/b2b\/prodotto\/potatore-telescopico-a-batteria-ps1000e-ego\/"},"modified":"2025-12-18T13:47:43","modified_gmt":"2025-12-18T13:47:43","slug":"potatore-telescopico-a-batteria-ps1000e-ego","status":"publish","type":"product","link":"https:\/\/www.corbetta-enea-shop.com\/b2b\/prodotto\/potatore-telescopico-a-batteria-ps1000e-ego\/","title":{"rendered":"POTATORE TELESCOPICO A BATTERIA PS1000E EGO"},"content":{"rendered":"<p>Tensione (V) 56, Ruota Dentata 8, Classe IP IPX4, Lubrificazione Catena Auto, LED S\u00ec, Controllo Della Velocit\u00e0 Variabile S\u00ec, Capacit\u00e0 del Serbatoio Dell&#8217;olio 80.<\/p>\n","protected":false},"excerpt":{"rendered":"<p>Tensione (V) 56, Ruota Dentata 8, Classe IP IPX4, Lubrificazione Catena Auto, LED S\u00ec, Controllo Della Velocit\u00e0 Variabile S\u00ec, Capacit\u00e0 del Serbatoio Dell&#8217;olio 80.<\/p>\n","protected":false},"featured_media":2477,"template":"","meta":[],"product_brand":[],"product_cat":[16,40,103],"product_tag":[199,161,165],"class_list":{"0":"post-1233","1":"product","2":"type-product","3":"status-publish","4":"has-post-thumbnail","6":"product_cat-16","7":"product_cat-40","8":"product_cat-103","9":"product_tag-ego","10":"product_tag-motore-a-batteria","11":"product_tag-potatore","13":"first","14":"instock","15":"shipping-taxable","16":"purchasable","17":"product-type-simple"},"_links":{"self":[{"href":"https:\/\/www.corbetta-enea-shop.com\/b2b\/wp-json\/wp\/v2\/product\/1233","targetHints":{"allow":["GET"]}}],"collection":[{"href":"https:\/\/www.corbetta-enea-shop.com\/b2b\/wp-json\/wp\/v2\/product"}],"about":[{"href":"https:\/\/www.corbetta-enea-shop.com\/b2b\/wp-json\/wp\/v2\/types\/product"}],"wp:featuredmedia":[{"embeddable":true,"href":"https:\/\/www.corbetta-enea-shop.com\/b2b\/wp-json\/wp\/v2\/media\/2477"}],"wp:attachment":[{"href":"https:\/\/www.corbetta-enea-shop.com\/b2b\/wp-json\/wp\/v2\/media?parent=1233"}],"wp:term":[{"taxonomy":"product_brand","embeddable":true,"href":"https:\/\/www.corbetta-enea-shop.com\/b2b\/wp-json\/wp\/v2\/product_brand?post=1233"},{"taxonomy":"product_cat","embeddable":true,"href":"https:\/\/www.corbetta-enea-shop.com\/b2b\/wp-json\/wp\/v2\/product_cat?post=1233"},{"taxonomy":"product_tag","embeddable":true,"href":"https:\/\/www.corbetta-enea-shop.com\/b2b\/wp-json\/wp\/v2\/product_tag?post=1233"}],"curies":[{"name":"wp","href":"https:\/\/api.w.org\/{rel}","templated":true}]}}