{"id":1235,"date":"2025-09-05T09:40:39","date_gmt":"2025-09-05T09:40:39","guid":{"rendered":"https:\/\/www.corbetta-enea-shop.com\/b2b\/prodotto\/accessorio-prolunga-ep1000-ego\/"},"modified":"2025-12-18T13:47:55","modified_gmt":"2025-12-18T13:47:55","slug":"accessorio-prolunga-ep1000-ego","status":"publish","type":"product","link":"https:\/\/www.corbetta-enea-shop.com\/b2b\/prodotto\/accessorio-prolunga-ep1000-ego\/","title":{"rendered":"ACCESSORIO PROLUNGA EP1000 EGO"},"content":{"rendered":"<p>Estendi la tua portata per ottenere di pi\u00f9 dalla tua sega a palo PS1000E con questo palo di prolunga in fibra di carbonio lungo 1 m. La connessione senza attrezzi consente di collegare\/scollegare facilmente l&#8217;asta di prolunga quando necessario, senza alcun problema. L&#8217;albero in fibra di carbonio mantiene i tagli accurati poich\u00e9 l&#8217;albero \u00e8 pi\u00f9 rigido, eliminando gran parte del lavoro di congettura durante la preparazione al taglio.<\/p>\n","protected":false},"excerpt":{"rendered":"<p>Estendi la tua portata per ottenere di pi\u00f9 dalla tua sega a palo PS1000E con questo palo di prolunga in fibra di carbonio lungo 1 m.<\/p>\n","protected":false},"featured_media":2478,"template":"","meta":[],"product_brand":[],"product_cat":[219],"product_tag":[202,199,201],"class_list":{"0":"post-1235","1":"product","2":"type-product","3":"status-publish","4":"has-post-thumbnail","6":"product_cat-219","7":"product_tag-accessorio","8":"product_tag-ego","9":"product_tag-prolunga","11":"first","12":"instock","13":"shipping-taxable","14":"purchasable","15":"product-type-simple"},"_links":{"self":[{"href":"https:\/\/www.corbetta-enea-shop.com\/b2b\/wp-json\/wp\/v2\/product\/1235","targetHints":{"allow":["GET"]}}],"collection":[{"href":"https:\/\/www.corbetta-enea-shop.com\/b2b\/wp-json\/wp\/v2\/product"}],"about":[{"href":"https:\/\/www.corbetta-enea-shop.com\/b2b\/wp-json\/wp\/v2\/types\/product"}],"wp:featuredmedia":[{"embeddable":true,"href":"https:\/\/www.corbetta-enea-shop.com\/b2b\/wp-json\/wp\/v2\/media\/2478"}],"wp:attachment":[{"href":"https:\/\/www.corbetta-enea-shop.com\/b2b\/wp-json\/wp\/v2\/media?parent=1235"}],"wp:term":[{"taxonomy":"product_brand","embeddable":true,"href":"https:\/\/www.corbetta-enea-shop.com\/b2b\/wp-json\/wp\/v2\/product_brand?post=1235"},{"taxonomy":"product_cat","embeddable":true,"href":"https:\/\/www.corbetta-enea-shop.com\/b2b\/wp-json\/wp\/v2\/product_cat?post=1235"},{"taxonomy":"product_tag","embeddable":true,"href":"https:\/\/www.corbetta-enea-shop.com\/b2b\/wp-json\/wp\/v2\/product_tag?post=1235"}],"curies":[{"name":"wp","href":"https:\/\/api.w.org\/{rel}","templated":true}]}}