{"id":1253,"date":"2025-09-05T09:43:02","date_gmt":"2025-09-05T09:43:02","guid":{"rendered":"https:\/\/www.corbetta-enea-shop.com\/b2b\/prodotto\/decespugliatore-a-batteria-stx4500\/"},"modified":"2025-12-18T13:49:34","modified_gmt":"2025-12-18T13:49:34","slug":"decespugliatore-a-batteria-stx4500","status":"publish","type":"product","link":"https:\/\/www.corbetta-enea-shop.com\/b2b\/prodotto\/decespugliatore-a-batteria-stx4500\/","title":{"rendered":"DECESPUGLIATORE A BATTERIA STX4500"},"content":{"rendered":"<p>Porta della batteria Porta singola, Operazioni di avanzamento di riga Testina batti e va, Tipo di carico di linea Rapid reload, Tipo di linea Torsione, Materiale dell&#8217;albero Fibra di carbonio, Direzione di rotazione In senso antiorario, Selezione della velocit\u00e0 S\u00ec, Telescopico No, Velocit\u00e0 a vuoto (giri\/min) 3500-5200.<\/p>\n","protected":false},"excerpt":{"rendered":"<p>Porta della batteria Porta singola, Operazioni di avanzamento di riga Testina batti e va, Tipo di carico di linea Rapid reload, Tipo di linea Torsione.<\/p>\n","protected":false},"featured_media":2484,"template":"","meta":[],"product_brand":[],"product_cat":[31,76,16],"product_tag":[162,199,161],"class_list":{"0":"post-1253","1":"product","2":"type-product","3":"status-publish","4":"has-post-thumbnail","6":"product_cat-31","7":"product_cat-76","8":"product_cat-16","9":"product_tag-decespugliatore","10":"product_tag-ego","11":"product_tag-motore-a-batteria","13":"first","14":"instock","15":"shipping-taxable","16":"purchasable","17":"product-type-simple"},"_links":{"self":[{"href":"https:\/\/www.corbetta-enea-shop.com\/b2b\/wp-json\/wp\/v2\/product\/1253","targetHints":{"allow":["GET"]}}],"collection":[{"href":"https:\/\/www.corbetta-enea-shop.com\/b2b\/wp-json\/wp\/v2\/product"}],"about":[{"href":"https:\/\/www.corbetta-enea-shop.com\/b2b\/wp-json\/wp\/v2\/types\/product"}],"wp:featuredmedia":[{"embeddable":true,"href":"https:\/\/www.corbetta-enea-shop.com\/b2b\/wp-json\/wp\/v2\/media\/2484"}],"wp:attachment":[{"href":"https:\/\/www.corbetta-enea-shop.com\/b2b\/wp-json\/wp\/v2\/media?parent=1253"}],"wp:term":[{"taxonomy":"product_brand","embeddable":true,"href":"https:\/\/www.corbetta-enea-shop.com\/b2b\/wp-json\/wp\/v2\/product_brand?post=1253"},{"taxonomy":"product_cat","embeddable":true,"href":"https:\/\/www.corbetta-enea-shop.com\/b2b\/wp-json\/wp\/v2\/product_cat?post=1253"},{"taxonomy":"product_tag","embeddable":true,"href":"https:\/\/www.corbetta-enea-shop.com\/b2b\/wp-json\/wp\/v2\/product_tag?post=1253"}],"curies":[{"name":"wp","href":"https:\/\/api.w.org\/{rel}","templated":true}]}}