{"id":1257,"date":"2025-09-05T09:43:31","date_gmt":"2025-09-05T09:43:31","guid":{"rendered":"https:\/\/www.corbetta-enea-shop.com\/b2b\/prodotto\/tagliasiepi-ad-asta-a-batteria-corto-raggio-htx5300p-ego\/"},"modified":"2025-12-18T13:49:59","modified_gmt":"2025-12-18T13:49:59","slug":"tagliasiepi-ad-asta-a-batteria-corto-raggio-htx5300p-ego","status":"publish","type":"product","link":"https:\/\/www.corbetta-enea-shop.com\/b2b\/prodotto\/tagliasiepi-ad-asta-a-batteria-corto-raggio-htx5300p-ego\/","title":{"rendered":"TAGLIASIEPI AD ASTA A BATTERIA &#8211; CORTO RAGGIO HTX5300P EGO"},"content":{"rendered":"<p>Porta della batteria Porta singola, Trattamento della lama Taglio al laser, Tipo di lama Tre denti, Doppia azione S\u00ec, Protezione della punta della lama S\u00ec, Maniglia principale girevole No, Selezione della velocit\u00e0 S\u00ec, Grilletto maniglia anteriore No, Peso Dell&#8217;Utensile (kg) 4.175.<\/p>\n","protected":false},"excerpt":{"rendered":"<p>Porta della batteria Porta singola, Trattamento della lama Taglio al laser, Tipo di lama Tre denti, Doppia azione S\u00ec, Protezione della punta della lama S\u00ec.<\/p>\n","protected":false},"featured_media":2486,"template":"","meta":[],"product_brand":[],"product_cat":[16,48,128],"product_tag":[199,161,164],"class_list":{"0":"post-1257","1":"product","2":"type-product","3":"status-publish","4":"has-post-thumbnail","6":"product_cat-16","7":"product_cat-48","8":"product_cat-128","9":"product_tag-ego","10":"product_tag-motore-a-batteria","11":"product_tag-tagliasiepe","13":"first","14":"instock","15":"shipping-taxable","16":"purchasable","17":"product-type-simple"},"_links":{"self":[{"href":"https:\/\/www.corbetta-enea-shop.com\/b2b\/wp-json\/wp\/v2\/product\/1257","targetHints":{"allow":["GET"]}}],"collection":[{"href":"https:\/\/www.corbetta-enea-shop.com\/b2b\/wp-json\/wp\/v2\/product"}],"about":[{"href":"https:\/\/www.corbetta-enea-shop.com\/b2b\/wp-json\/wp\/v2\/types\/product"}],"wp:featuredmedia":[{"embeddable":true,"href":"https:\/\/www.corbetta-enea-shop.com\/b2b\/wp-json\/wp\/v2\/media\/2486"}],"wp:attachment":[{"href":"https:\/\/www.corbetta-enea-shop.com\/b2b\/wp-json\/wp\/v2\/media?parent=1257"}],"wp:term":[{"taxonomy":"product_brand","embeddable":true,"href":"https:\/\/www.corbetta-enea-shop.com\/b2b\/wp-json\/wp\/v2\/product_brand?post=1257"},{"taxonomy":"product_cat","embeddable":true,"href":"https:\/\/www.corbetta-enea-shop.com\/b2b\/wp-json\/wp\/v2\/product_cat?post=1257"},{"taxonomy":"product_tag","embeddable":true,"href":"https:\/\/www.corbetta-enea-shop.com\/b2b\/wp-json\/wp\/v2\/product_tag?post=1257"}],"curies":[{"name":"wp","href":"https:\/\/api.w.org\/{rel}","templated":true}]}}