{"id":1258,"date":"2025-09-05T09:43:33","date_gmt":"2025-09-05T09:43:33","guid":{"rendered":"https:\/\/www.corbetta-enea-shop.com\/b2b\/prodotto\/motosega-a-batteria-cs1410e-ego\/"},"modified":"2025-12-18T13:50:00","modified_gmt":"2025-12-18T13:50:00","slug":"motosega-a-batteria-cs1410e-ego","status":"publish","type":"product","link":"https:\/\/www.corbetta-enea-shop.com\/b2b\/prodotto\/motosega-a-batteria-cs1410e-ego\/","title":{"rendered":"MOTOSEGA A BATTERIA CS1410E EGO"},"content":{"rendered":"<p>Tensione (V) 56, Velocit\u00e0 Della Catena (m\/s) 20, Ruota Dentata 6, Classe IP IPX4, Maglie Di Trasmissione Della Catena 56, Lubrificazione Catena Auto, LED No, Controllo Della Velocit\u00e0 Variabile S\u00ec, Lunghezza Della Barra (cm) 35, Calibro Catena E Barra (mm) 1.1, Passo Catena E Barra (mm) 9.3, Capacit\u00e0 del Serbatoio Dell&#8217;olio 150, Lunghezza Utensile (mm) 645, Larghezza Dell&#8217;Utensile (mm) 275, Altezza Utensile (mm) 295, Porta della batteria Porta singola, Barra Della Catena 14, Freno Della Catena Meccanico, Tipo di motore senza spazzole.<\/p>\n","protected":false},"excerpt":{"rendered":"<p>Tensione (V) 56, Velocit\u00e0 Della Catena (m\/s) 20, Ruota Dentata 6, Classe IP IPX4, Maglie Di Trasmissione Della Catena 56.<\/p>\n","protected":false},"featured_media":2434,"template":"","meta":[],"product_brand":[],"product_cat":[16,37,94],"product_tag":[199,161,192],"class_list":{"0":"post-1258","1":"product","2":"type-product","3":"status-publish","4":"has-post-thumbnail","6":"product_cat-16","7":"product_cat-37","8":"product_cat-94","9":"product_tag-ego","10":"product_tag-motore-a-batteria","11":"product_tag-motosega","13":"first","14":"instock","15":"shipping-taxable","16":"purchasable","17":"product-type-simple"},"_links":{"self":[{"href":"https:\/\/www.corbetta-enea-shop.com\/b2b\/wp-json\/wp\/v2\/product\/1258","targetHints":{"allow":["GET"]}}],"collection":[{"href":"https:\/\/www.corbetta-enea-shop.com\/b2b\/wp-json\/wp\/v2\/product"}],"about":[{"href":"https:\/\/www.corbetta-enea-shop.com\/b2b\/wp-json\/wp\/v2\/types\/product"}],"wp:featuredmedia":[{"embeddable":true,"href":"https:\/\/www.corbetta-enea-shop.com\/b2b\/wp-json\/wp\/v2\/media\/2434"}],"wp:attachment":[{"href":"https:\/\/www.corbetta-enea-shop.com\/b2b\/wp-json\/wp\/v2\/media?parent=1258"}],"wp:term":[{"taxonomy":"product_brand","embeddable":true,"href":"https:\/\/www.corbetta-enea-shop.com\/b2b\/wp-json\/wp\/v2\/product_brand?post=1258"},{"taxonomy":"product_cat","embeddable":true,"href":"https:\/\/www.corbetta-enea-shop.com\/b2b\/wp-json\/wp\/v2\/product_cat?post=1258"},{"taxonomy":"product_tag","embeddable":true,"href":"https:\/\/www.corbetta-enea-shop.com\/b2b\/wp-json\/wp\/v2\/product_tag?post=1258"}],"curies":[{"name":"wp","href":"https:\/\/api.w.org\/{rel}","templated":true}]}}