{"id":1262,"date":"2025-09-05T09:44:05","date_gmt":"2025-09-05T09:44:05","guid":{"rendered":"https:\/\/www.corbetta-enea-shop.com\/b2b\/prodotto\/motosega-a-batteria-cs2000e-ego\/"},"modified":"2025-12-18T13:50:26","modified_gmt":"2025-12-18T13:50:26","slug":"motosega-a-batteria-cs2000e-ego","status":"publish","type":"product","link":"https:\/\/www.corbetta-enea-shop.com\/b2b\/prodotto\/motosega-a-batteria-cs2000e-ego\/","title":{"rendered":"MOTOSEGA A BATTERIA CS2000E EGO"},"content":{"rendered":"<p>Velocit\u00e0 Della Catena (m\/s) 25, Ruota Dentata 7, Maglie Di Trasmissione Della Catena 69, Lubrificazione Catena Auto, Tipo Di Indicatore Del Livello Dell&#8217;Olio Finestra dell&#8217;olio, LED S\u00ec, Controllo Della Velocit\u00e0 Variabile S\u00ec, Lunghezza Della Barra (cm) 50, Calibro Catena E Barra (mm) 1.27, Passo Catena E Barra (mm) 9.5, Dimensioni File (mm) 4, Capacit\u00e0 del Serbatoio Dell&#8217;olio (ml) 250, Porta della batteria Porta singola, Barra Della Catena 20, Freno Della Catena Meccanico.<\/p>\n","protected":false},"excerpt":{"rendered":"<p>Velocit\u00e0 Della Catena (m\/s) 25, Ruota Dentata 7, Maglie Di Trasmissione Della Catena 69, Lubrificazione Catena Auto.<\/p>\n","protected":false},"featured_media":2488,"template":"","meta":[],"product_brand":[],"product_cat":[16,37,94],"product_tag":[199,161,192],"class_list":{"0":"post-1262","1":"product","2":"type-product","3":"status-publish","4":"has-post-thumbnail","6":"product_cat-16","7":"product_cat-37","8":"product_cat-94","9":"product_tag-ego","10":"product_tag-motore-a-batteria","11":"product_tag-motosega","13":"first","14":"instock","15":"shipping-taxable","16":"purchasable","17":"product-type-simple"},"_links":{"self":[{"href":"https:\/\/www.corbetta-enea-shop.com\/b2b\/wp-json\/wp\/v2\/product\/1262","targetHints":{"allow":["GET"]}}],"collection":[{"href":"https:\/\/www.corbetta-enea-shop.com\/b2b\/wp-json\/wp\/v2\/product"}],"about":[{"href":"https:\/\/www.corbetta-enea-shop.com\/b2b\/wp-json\/wp\/v2\/types\/product"}],"wp:featuredmedia":[{"embeddable":true,"href":"https:\/\/www.corbetta-enea-shop.com\/b2b\/wp-json\/wp\/v2\/media\/2488"}],"wp:attachment":[{"href":"https:\/\/www.corbetta-enea-shop.com\/b2b\/wp-json\/wp\/v2\/media?parent=1262"}],"wp:term":[{"taxonomy":"product_brand","embeddable":true,"href":"https:\/\/www.corbetta-enea-shop.com\/b2b\/wp-json\/wp\/v2\/product_brand?post=1262"},{"taxonomy":"product_cat","embeddable":true,"href":"https:\/\/www.corbetta-enea-shop.com\/b2b\/wp-json\/wp\/v2\/product_cat?post=1262"},{"taxonomy":"product_tag","embeddable":true,"href":"https:\/\/www.corbetta-enea-shop.com\/b2b\/wp-json\/wp\/v2\/product_tag?post=1262"}],"curies":[{"name":"wp","href":"https:\/\/api.w.org\/{rel}","templated":true}]}}