{"id":1276,"date":"2025-09-05T09:46:01","date_gmt":"2025-09-05T09:46:01","guid":{"rendered":"https:\/\/www.corbetta-enea-shop.com\/b2b\/prodotto\/decespugliatore-a-batteria-st1510e-t-ego\/"},"modified":"2025-12-18T13:51:57","modified_gmt":"2025-12-18T13:51:57","slug":"decespugliatore-a-batteria-st1510e-t-ego","status":"publish","type":"product","link":"https:\/\/www.corbetta-enea-shop.com\/b2b\/prodotto\/decespugliatore-a-batteria-st1510e-t-ego\/","title":{"rendered":"DECESPUGLIATORE A BATTERIA ST1510E-T EGO"},"content":{"rendered":"<p>Porta della batteria Porta singola, Operazioni di avanzamento di riga Bump Feed, Tipo di carico di linea Carico di potenza, Diametro linea predefinito 0.095&#8243;, Materiale dell&#8217;albero Alluminio, Direzione di rotazione In senso orario, Imbracatura N \/ A, Selezione della velocit\u00e0 S\u00ec, Telescopico S\u00ec, Larghezza di taglio (cm) 38, Velocit\u00e0 a vuoto (giri\/min) 4800\/6000, Peso Dell&#8217;Utensile (kg) 3.36.<\/p>\n","protected":false},"excerpt":{"rendered":"<p>Porta della batteria Porta singola, Operazioni di avanzamento di riga Bump Feed, Tipo di carico di linea Carico di potenza, Diametro linea predefinito 0.095&#8243;.<\/p>\n","protected":false},"featured_media":2494,"template":"","meta":[],"product_brand":[],"product_cat":[31,76,16],"product_tag":[162,199,161],"class_list":{"0":"post-1276","1":"product","2":"type-product","3":"status-publish","4":"has-post-thumbnail","6":"product_cat-31","7":"product_cat-76","8":"product_cat-16","9":"product_tag-decespugliatore","10":"product_tag-ego","11":"product_tag-motore-a-batteria","13":"first","14":"instock","15":"shipping-taxable","16":"purchasable","17":"product-type-simple"},"_links":{"self":[{"href":"https:\/\/www.corbetta-enea-shop.com\/b2b\/wp-json\/wp\/v2\/product\/1276","targetHints":{"allow":["GET"]}}],"collection":[{"href":"https:\/\/www.corbetta-enea-shop.com\/b2b\/wp-json\/wp\/v2\/product"}],"about":[{"href":"https:\/\/www.corbetta-enea-shop.com\/b2b\/wp-json\/wp\/v2\/types\/product"}],"wp:featuredmedia":[{"embeddable":true,"href":"https:\/\/www.corbetta-enea-shop.com\/b2b\/wp-json\/wp\/v2\/media\/2494"}],"wp:attachment":[{"href":"https:\/\/www.corbetta-enea-shop.com\/b2b\/wp-json\/wp\/v2\/media?parent=1276"}],"wp:term":[{"taxonomy":"product_brand","embeddable":true,"href":"https:\/\/www.corbetta-enea-shop.com\/b2b\/wp-json\/wp\/v2\/product_brand?post=1276"},{"taxonomy":"product_cat","embeddable":true,"href":"https:\/\/www.corbetta-enea-shop.com\/b2b\/wp-json\/wp\/v2\/product_cat?post=1276"},{"taxonomy":"product_tag","embeddable":true,"href":"https:\/\/www.corbetta-enea-shop.com\/b2b\/wp-json\/wp\/v2\/product_tag?post=1276"}],"curies":[{"name":"wp","href":"https:\/\/api.w.org\/{rel}","templated":true}]}}