{"id":2626,"date":"2026-04-16T13:52:37","date_gmt":"2026-04-16T13:52:37","guid":{"rendered":"https:\/\/www.corbetta-enea-shop.com\/b2b\/prodotto\/trattorino-a-batteria-tornado-9121-w-stiga\/"},"modified":"2026-04-16T14:17:34","modified_gmt":"2026-04-16T14:17:34","slug":"trattorino-da-giardino-a-scoppio-tornado-9121-w-stiga","status":"publish","type":"product","link":"https:\/\/www.corbetta-enea-shop.com\/b2b\/prodotto\/trattorino-da-giardino-a-scoppio-tornado-9121-w-stiga\/","title":{"rendered":"TRATTORINO DA GIARDINO A SCOPPIO TORNADO 9121 W STIGA"},"content":{"rendered":"<p>Info generali: Modello Tornado 9121 W, Carrozzeria Plastica, Muso anteriore si, Taglio con scarico laterale di serie, Taglio mulching in omaggio, Tipologia 2 in 1, Superficie max 8500 m\u00b2, Altezza max erba 40cm, Avviamento Elettrico, Cruise control si, Marca motore Stiga, Modello Motore ST 650, Tipo motore 4 tempi, Cilindrata 635 cm\u00b3, Numero di cilindri bicilindrico, Potenza nominale 22 HP, Potenza effettiva (HP) 16.7 HP, Carburante benzina, Capienza serbatoio 15 L, Filtro olio esterno s\u00ec, Tipo cambio Idrostatico, Meccanica cambio idraulico, Marce Illimitato, Azionamento doppio pedale, Materiale scocca Acciaio smaltato, Larghezza di taglio 121 cm, Numero di lame 3, Tipo di lame da taglio + mulching, Azionamento lame elettromagnetico, Altezza di taglio massima 90 mm, Altezza di taglio minima 30 mm, Nr. posizioni di taglio 7, Funzione taglio in retromarcia si, Ruote antiscalpo 6, Raccordo per lavaggio s\u00ec, Quadro digitale s\u00ec, Cruise control si, Contaore si,Deflettore laterale scarico erba s\u00ec, Fari anteriori s\u00ec, Bull Bar anteriore di serie, Avviamento elettrico con chiave s\u00ec, Dimensioni ruote posteriori 20 x 10.00 &#8211; 10, Dimensioni ruote anteriori 15 x 6.00 &#8211; 8, Tipo sedile Comfort, Sedile con braccioli S\u00ec, Schienale alto si, Regolazione sedile si, Portalattina si, Display a cristalli liquidi S\u00ec, Dimensioni prodotto (L x P x H) cm 186x152x109.5cm, Peso netto 250 Kg, Confezione Cassa originale su bancale, Dimensioni imballo (L x P x H) cm 203&#215;133.5&#215;123.5cm, Peso completo di imballo 323 Kg. <\/p>\n","protected":false},"excerpt":{"rendered":"<p>Info generali: Lineup Tornado, SKU 2T1950381\/ST1, EAN\/UPC8008984869301, Serie 9, Alimentazione Benzina.<\/p>\n","protected":false},"featured_media":2636,"template":"","meta":[],"product_brand":[],"product_cat":[16,49,130],"product_tag":[154,211,177,239],"class_list":{"0":"post-2626","1":"product","2":"type-product","3":"status-publish","4":"has-post-thumbnail","6":"product_cat-16","7":"product_cat-49","8":"product_cat-130","9":"product_tag-motore-a-scoppio","10":"product_tag-stiga","11":"product_tag-trattorino","12":"product_tag-trattorino-a-scoppio","14":"first","15":"instock","16":"sale","17":"shipping-taxable","18":"purchasable","19":"product-type-simple"},"_links":{"self":[{"href":"https:\/\/www.corbetta-enea-shop.com\/b2b\/wp-json\/wp\/v2\/product\/2626","targetHints":{"allow":["GET"]}}],"collection":[{"href":"https:\/\/www.corbetta-enea-shop.com\/b2b\/wp-json\/wp\/v2\/product"}],"about":[{"href":"https:\/\/www.corbetta-enea-shop.com\/b2b\/wp-json\/wp\/v2\/types\/product"}],"wp:featuredmedia":[{"embeddable":true,"href":"https:\/\/www.corbetta-enea-shop.com\/b2b\/wp-json\/wp\/v2\/media\/2636"}],"wp:attachment":[{"href":"https:\/\/www.corbetta-enea-shop.com\/b2b\/wp-json\/wp\/v2\/media?parent=2626"}],"wp:term":[{"taxonomy":"product_brand","embeddable":true,"href":"https:\/\/www.corbetta-enea-shop.com\/b2b\/wp-json\/wp\/v2\/product_brand?post=2626"},{"taxonomy":"product_cat","embeddable":true,"href":"https:\/\/www.corbetta-enea-shop.com\/b2b\/wp-json\/wp\/v2\/product_cat?post=2626"},{"taxonomy":"product_tag","embeddable":true,"href":"https:\/\/www.corbetta-enea-shop.com\/b2b\/wp-json\/wp\/v2\/product_tag?post=2626"}],"curies":[{"name":"wp","href":"https:\/\/api.w.org\/{rel}","templated":true}]}}