{"id":2654,"date":"2026-04-16T14:53:27","date_gmt":"2026-04-16T14:53:27","guid":{"rendered":"https:\/\/www.corbetta-enea-shop.com\/b2b\/prodotto\/trattorino-da-giardino-a-scoppio-tornado-398-m-stiga\/"},"modified":"2026-04-16T14:53:27","modified_gmt":"2026-04-16T14:53:27","slug":"trattorino-da-giardino-a-scoppio-tornado-398-m-stiga","status":"publish","type":"product","link":"https:\/\/www.corbetta-enea-shop.com\/b2b\/prodotto\/trattorino-da-giardino-a-scoppio-tornado-398-m-stiga\/","title":{"rendered":"TRATTORINO DA GIARDINO A SCOPPIO TORNADO 398 M STIGA"},"content":{"rendered":"<p>Info generali: Modello TORNADO 398 M, Carrozzeria Plastica, Muso anteriore si, Taglio con scarico laterale di serie, Taglio mulching di serie, Tipologia 2 in 1, Superficie max 4500 m\u00b2, Altezza max erba 40cm, Avviamento Elettrico, Marca motore Stiga, Modello Motore ST 350, Tipo motore 4 tempi, Cilindrata 352 cm\u00b3, Numero di cilindri monocilindrico, Potenza nominale 11.5 HP, Potenza effettiva (HP) 8.7 HP, Carburante benzina, Tipo cambio Meccanico a marce, Meccanica cambio ad ingranaggi a bagno d&#8217;olio, Numero marce avanti 5, Numero marce indietro 1, Marce 5+2, Azionamento leva del cambio, Materiale scocca Acciaio smaltato, Larghezza di taglio 98 cm, Numero di lame 2, Tipo di lame da taglio + mulching, Azionamento lame elettromagnetico, Altezza di taglio massima 80 mm, Altezza di taglio minima 25 mm, Nr. posizioni di taglio 7, Funzione taglio in retromarcia si, Ruote antiscalpo 2, Raccordo per lavaggio s\u00ec, Deflettore laterale scarico erba s\u00ec, Fari anteriori s\u00ec, Bull Bar anteriore di serie, Avviamento elettrico con chiave s\u00ec, Dimensioni ruote posteriori 18 x 8.50 &#8211; 8, Dimensioni ruote anteriori 15 x 6.00 &#8211; 6, Tipo sedile<br \/>\nComfort, Schienale alto si, Regolazione sedile si, Portalattina si, Dimensioni prodotto (L x P x H) cm 172 x 120 x 110 cm, Peso netto 160 Kg, Confezione Cassa originale su bancale, Dimensioni imballo (L x P x H) cm 169 x 111 x 85 cm, Peso completo di imballo 204 Kg.<\/p>\n","protected":false},"excerpt":{"rendered":"<p>Info generali: Lineup Tornado, SKU 2T0510481\/ST3, EAN\/UPC 8008984852310, Serie 3, Alimentazione Benzina.<\/p>\n","protected":false},"featured_media":2648,"template":"","meta":[],"product_brand":[],"product_cat":[16,49,130],"product_tag":[154,211,177,239],"class_list":{"0":"post-2654","1":"product","2":"type-product","3":"status-publish","4":"has-post-thumbnail","6":"product_cat-16","7":"product_cat-49","8":"product_cat-130","9":"product_tag-motore-a-scoppio","10":"product_tag-stiga","11":"product_tag-trattorino","12":"product_tag-trattorino-a-scoppio","14":"first","15":"instock","16":"sale","17":"shipping-taxable","18":"purchasable","19":"product-type-simple"},"_links":{"self":[{"href":"https:\/\/www.corbetta-enea-shop.com\/b2b\/wp-json\/wp\/v2\/product\/2654","targetHints":{"allow":["GET"]}}],"collection":[{"href":"https:\/\/www.corbetta-enea-shop.com\/b2b\/wp-json\/wp\/v2\/product"}],"about":[{"href":"https:\/\/www.corbetta-enea-shop.com\/b2b\/wp-json\/wp\/v2\/types\/product"}],"wp:featuredmedia":[{"embeddable":true,"href":"https:\/\/www.corbetta-enea-shop.com\/b2b\/wp-json\/wp\/v2\/media\/2648"}],"wp:attachment":[{"href":"https:\/\/www.corbetta-enea-shop.com\/b2b\/wp-json\/wp\/v2\/media?parent=2654"}],"wp:term":[{"taxonomy":"product_brand","embeddable":true,"href":"https:\/\/www.corbetta-enea-shop.com\/b2b\/wp-json\/wp\/v2\/product_brand?post=2654"},{"taxonomy":"product_cat","embeddable":true,"href":"https:\/\/www.corbetta-enea-shop.com\/b2b\/wp-json\/wp\/v2\/product_cat?post=2654"},{"taxonomy":"product_tag","embeddable":true,"href":"https:\/\/www.corbetta-enea-shop.com\/b2b\/wp-json\/wp\/v2\/product_tag?post=2654"}],"curies":[{"name":"wp","href":"https:\/\/api.w.org\/{rel}","templated":true}]}}