{"id":2662,"date":"2026-04-16T15:13:14","date_gmt":"2026-04-16T15:13:14","guid":{"rendered":"https:\/\/www.corbetta-enea-shop.com\/b2b\/prodotto\/trattorino-da-giardino-a-scoppio-tornado-5108-w-stiga\/"},"modified":"2026-04-16T15:13:14","modified_gmt":"2026-04-16T15:13:14","slug":"trattorino-da-giardino-a-scoppio-tornado-5108-w-stiga","status":"publish","type":"product","link":"https:\/\/www.corbetta-enea-shop.com\/b2b\/prodotto\/trattorino-da-giardino-a-scoppio-tornado-5108-w-stiga\/","title":{"rendered":"TRATTORINO DA GIARDINO A SCOPPIO TORNADO 5108 W STIGA"},"content":{"rendered":"<p>Info generali: Modello TORNADO 5108W, Carrozzeria Plastica, Muso anteriore si, Taglio con scarico laterale di serie, Taglio mulching in omaggio, Tipologia 2 in 1, Superficie max 6500 m\u00b2, Altezza max erba 40cm, Avviamento Elettrico, Marca motore Stiga, Modello Motore ST 550 Twin, Tipo motore 4 tempi, Cilindrata 586 cm\u00b3, Numero di cilindri bicilindrico, Potenza nominale 20 HP, Potenza effettiva (HP) 14.7 HP, Carburante benzina, Filtro olio esterno s\u00ec, Tipo cambio Idrostatico, Meccanica cambio idraulico, Marce Illimitato, Azionamento doppio pedale, Materiale scocca Acciaio smaltato, Larghezza di taglio 108 cm, Numero di lame 2, Tipo di lame da taglio + mulching, Azionamento lame elettromagnetico, Altezza di taglio massima 80 mm, Altezza di taglio minima 25 mm, Nr. posizioni di taglio 7, Funzione taglio in retromarcia si, Ruote antiscalpo 2, Raccordo per lavaggio s\u00ec, Deflettore laterale scarico erba s\u00ec, Fari anteriori s\u00ec, Bull Bar anteriore di serie, Avviamento elettrico con chiave s\u00ec, Dimensioni ruote posteriori 20 x 10.00 &#8211; 10, Dimensioni ruote anteriori 15 x 6.00 &#8211; 6, Tipo sedile Comfort, Schienale alto si, Regolazione sedile si, Portalattina si, Dimensioni prodotto (L x P x H) cm 173x132x110 cm, Peso netto 176 Kg, Confezione Cassa originale su bancale, Dimensioni imballo (L x P x H) cm 186 x 110 x 84 cm, Peso completo di imballo 210 Kg.<\/p>\n","protected":false},"excerpt":{"rendered":"<p>Info generali: Lineup Tornado, SKU 2T1220481\/ST2, EAN\/UPC 8008984852488, Serie 5, Alimentazione Benzina.<\/p>\n","protected":false},"featured_media":2655,"template":"","meta":[],"product_brand":[],"product_cat":[16,49,130],"product_tag":[154,211,177,239],"class_list":{"0":"post-2662","1":"product","2":"type-product","3":"status-publish","4":"has-post-thumbnail","6":"product_cat-16","7":"product_cat-49","8":"product_cat-130","9":"product_tag-motore-a-scoppio","10":"product_tag-stiga","11":"product_tag-trattorino","12":"product_tag-trattorino-a-scoppio","14":"first","15":"instock","16":"sale","17":"shipping-taxable","18":"purchasable","19":"product-type-simple"},"_links":{"self":[{"href":"https:\/\/www.corbetta-enea-shop.com\/b2b\/wp-json\/wp\/v2\/product\/2662","targetHints":{"allow":["GET"]}}],"collection":[{"href":"https:\/\/www.corbetta-enea-shop.com\/b2b\/wp-json\/wp\/v2\/product"}],"about":[{"href":"https:\/\/www.corbetta-enea-shop.com\/b2b\/wp-json\/wp\/v2\/types\/product"}],"wp:featuredmedia":[{"embeddable":true,"href":"https:\/\/www.corbetta-enea-shop.com\/b2b\/wp-json\/wp\/v2\/media\/2655"}],"wp:attachment":[{"href":"https:\/\/www.corbetta-enea-shop.com\/b2b\/wp-json\/wp\/v2\/media?parent=2662"}],"wp:term":[{"taxonomy":"product_brand","embeddable":true,"href":"https:\/\/www.corbetta-enea-shop.com\/b2b\/wp-json\/wp\/v2\/product_brand?post=2662"},{"taxonomy":"product_cat","embeddable":true,"href":"https:\/\/www.corbetta-enea-shop.com\/b2b\/wp-json\/wp\/v2\/product_cat?post=2662"},{"taxonomy":"product_tag","embeddable":true,"href":"https:\/\/www.corbetta-enea-shop.com\/b2b\/wp-json\/wp\/v2\/product_tag?post=2662"}],"curies":[{"name":"wp","href":"https:\/\/api.w.org\/{rel}","templated":true}]}}