{"id":2674,"date":"2026-04-16T16:24:05","date_gmt":"2026-04-16T16:24:05","guid":{"rendered":"https:\/\/www.corbetta-enea-shop.com\/b2b\/prodotto\/trattorino-da-giardino-a-scoppio-estate-9122-wx-stiga\/"},"modified":"2026-04-16T16:24:05","modified_gmt":"2026-04-16T16:24:05","slug":"trattorino-da-giardino-a-scoppio-estate-9122-wx-stiga","status":"publish","type":"product","link":"https:\/\/www.corbetta-enea-shop.com\/b2b\/prodotto\/trattorino-da-giardino-a-scoppio-estate-9122-wx-stiga\/","title":{"rendered":"TRATTORINO DA GIARDINO A SCOPPIO ESTATE 9122 WX STIGA"},"content":{"rendered":"<p>Info generali: Modello Estate 9122 WX, Carrozzeria Plastica, Muso anteriore si, Taglio con raccolta nel cesto di serie, Taglio mulching in omaggio, Tipologia 2 in 1, Capienza cesto di raccolta 360 l, Capienza cesto di raccolta 360 l, Superficie max 9000 m\u00b2, Altezza max erba 30cm, Avviamento Elettrico, Cruise control si, Marca motore Honda, Modello Motore GXV 690, Tipo motore 4 tempi, Cilindrata 688 cm\u00b3, Numero di cilindri bicilindrico, Potenza nominale 22 HP, Potenza effettiva (HP) 18.1 HP, Carburante benzina,Capienza serbatoio 10 L, Filtro olio esterno s\u00ec, Livello emissioni sonore 105 dB(A), Tipo cambio Idrostatico, 4 Ruote motrici si, Meccanica cambio ad ingranaggi a bagno d&#8217;olio, Numero marce avanti illimitate, Marce Illimitato, Azionamento doppio pedale, Materiale scocca<br \/>\nAcciaio smaltato, Larghezza di taglio 122 cm, Numero di lame 2, Tipo di lame da taglio + mulching, Azionamento lame elettromagnetico, Altezza di taglio massima 100 mm, Altezza di taglio minima 25 mm, Nr. posizioni di taglio 9, Funzione taglio in retromarcia si, Ruote antiscalpo 4, Raccordo per lavaggio s\u00ec, Quadro digitale s\u00ec, Cruise control si, Contaore si, Cesto di raccolta di serie, Fari anteriori s\u00ec, Bull Bar anteriore di serie, Attivazione lame in retromarcia s\u00ec, Avviamento elettrico con chiave s\u00ec, Dimensioni ruote posteriori 20 x 10.00 &#8211; 10, Dimensioni ruote anteriori 16 x 6.00 &#8211; 8, Tipo sedile Comfort, Sedile con braccioli S\u00ec, Schienale alto si, Regolazione sedile si, Portalattina si, Dimensioni prodotto (L x P x H) cm 262x127x120cm, Peso netto 315 Kg, Confezione Cassa originale su bancale, Dimensioni imballo (L x P x H) cm 200x132x124cm, Peso completo di imballo 360 Kg.<\/p>\n","protected":false},"excerpt":{"rendered":"<p>Info generali: Lineup Estate, SKU2T1535381\/ST2, EAN\/UPC 8008984852549, Serie 9, Alimentazione Benzina.<\/p>\n","protected":false},"featured_media":2669,"template":"","meta":[],"product_brand":[],"product_cat":[16,49,130],"product_tag":[154,211,177,239],"class_list":{"0":"post-2674","1":"product","2":"type-product","3":"status-publish","4":"has-post-thumbnail","6":"product_cat-16","7":"product_cat-49","8":"product_cat-130","9":"product_tag-motore-a-scoppio","10":"product_tag-stiga","11":"product_tag-trattorino","12":"product_tag-trattorino-a-scoppio","14":"first","15":"instock","16":"sale","17":"shipping-taxable","18":"purchasable","19":"product-type-simple"},"_links":{"self":[{"href":"https:\/\/www.corbetta-enea-shop.com\/b2b\/wp-json\/wp\/v2\/product\/2674","targetHints":{"allow":["GET"]}}],"collection":[{"href":"https:\/\/www.corbetta-enea-shop.com\/b2b\/wp-json\/wp\/v2\/product"}],"about":[{"href":"https:\/\/www.corbetta-enea-shop.com\/b2b\/wp-json\/wp\/v2\/types\/product"}],"wp:featuredmedia":[{"embeddable":true,"href":"https:\/\/www.corbetta-enea-shop.com\/b2b\/wp-json\/wp\/v2\/media\/2669"}],"wp:attachment":[{"href":"https:\/\/www.corbetta-enea-shop.com\/b2b\/wp-json\/wp\/v2\/media?parent=2674"}],"wp:term":[{"taxonomy":"product_brand","embeddable":true,"href":"https:\/\/www.corbetta-enea-shop.com\/b2b\/wp-json\/wp\/v2\/product_brand?post=2674"},{"taxonomy":"product_cat","embeddable":true,"href":"https:\/\/www.corbetta-enea-shop.com\/b2b\/wp-json\/wp\/v2\/product_cat?post=2674"},{"taxonomy":"product_tag","embeddable":true,"href":"https:\/\/www.corbetta-enea-shop.com\/b2b\/wp-json\/wp\/v2\/product_tag?post=2674"}],"curies":[{"name":"wp","href":"https:\/\/api.w.org\/{rel}","templated":true}]}}