{"id":799,"date":"2025-08-27T09:35:57","date_gmt":"2025-08-27T09:35:57","guid":{"rendered":"https:\/\/www.corbetta-enea-shop.com\/b2b\/prodotto\/motozappa-controrotante-ff-500-honda\/"},"modified":"2025-12-18T11:50:44","modified_gmt":"2025-12-18T11:50:44","slug":"motozappa-controrotante-ff-500-honda","status":"publish","type":"product","link":"https:\/\/www.corbetta-enea-shop.com\/b2b\/prodotto\/motozappa-controrotante-ff-500-honda\/","title":{"rendered":"MOTOZAPPA CONTROROTANTE FF 500 HONDA"},"content":{"rendered":"<p>Funzione; Larghezza di lavoro massima (mm) 550, Profondit\u00e0 di lavoro massima (mm) 200, Velocit\u00e0 di marcia avanti 3, Velocit\u00e0 di retromarcia 1, Velocit\u00e0 di rotazione in avanti (giri\/min.) 0.2 &#8211; 1 m\/s, Velocit\u00e0 di rotazione all&#8217;indietro (giri\/min.) 0.3 m\/s, Velocit\u00e0 di rotazione presa di forza (bassa\/elevata) (giri\/min.) 141. Dimensioni; Dimensioni (L x P x A) (mm) 1,730 x 585 x 1,045, Peso a secco (kg) 77, Motore; Motore OHC 4 Tempi, Modello motore GCV160, Cilindrata del motore (cc) 160, Potenza netta del motore (kW\/ giri\/min.) 3.3\/3.600, Capacit\u00e0 del serbatoio carburante (litri) 1.7, Capacit\u00e0 olio motore (litri) 0.55, Avviamento; Avviamento a strappo, Frizione di trasmissione Manuale &#8211; Mandrino a espansione, Trasmissione Ruote &#8211; Ingranaggio epicicloidale per ingranaggio conico, Trasmissione finale Ruote &#8211; Ingranaggio costante &#8211; Frese catena e ingranaggio, Differenziale \/ frizione laterale S\u00ec, Pressione sonora all&#8217;orecchio dell&#8217;operatore (dB(A)+) 79, Livello di potenza sonora garantito (dB(A)++) 93, Vibrazioni (m\/sec\u00b2) 4.8.<\/p>\n","protected":false},"excerpt":{"rendered":"<p>Funzione; Larghezza di lavoro massima (mm) 550, Profondit\u00e0 di lavoro massima (mm) 200, Velocit\u00e0 di marcia avanti 3.<\/p>\n","protected":false},"featured_media":2075,"template":"","meta":[],"product_brand":[],"product_cat":[16,39,99],"product_tag":[207,154,175],"class_list":{"0":"post-799","1":"product","2":"type-product","3":"status-publish","4":"has-post-thumbnail","6":"product_cat-16","7":"product_cat-39","8":"product_cat-99","9":"product_tag-honda","10":"product_tag-motore-a-scoppio","11":"product_tag-motozappa","13":"first","14":"instock","15":"shipping-taxable","16":"purchasable","17":"product-type-simple"},"_links":{"self":[{"href":"https:\/\/www.corbetta-enea-shop.com\/b2b\/wp-json\/wp\/v2\/product\/799","targetHints":{"allow":["GET"]}}],"collection":[{"href":"https:\/\/www.corbetta-enea-shop.com\/b2b\/wp-json\/wp\/v2\/product"}],"about":[{"href":"https:\/\/www.corbetta-enea-shop.com\/b2b\/wp-json\/wp\/v2\/types\/product"}],"wp:featuredmedia":[{"embeddable":true,"href":"https:\/\/www.corbetta-enea-shop.com\/b2b\/wp-json\/wp\/v2\/media\/2075"}],"wp:attachment":[{"href":"https:\/\/www.corbetta-enea-shop.com\/b2b\/wp-json\/wp\/v2\/media?parent=799"}],"wp:term":[{"taxonomy":"product_brand","embeddable":true,"href":"https:\/\/www.corbetta-enea-shop.com\/b2b\/wp-json\/wp\/v2\/product_brand?post=799"},{"taxonomy":"product_cat","embeddable":true,"href":"https:\/\/www.corbetta-enea-shop.com\/b2b\/wp-json\/wp\/v2\/product_cat?post=799"},{"taxonomy":"product_tag","embeddable":true,"href":"https:\/\/www.corbetta-enea-shop.com\/b2b\/wp-json\/wp\/v2\/product_tag?post=799"}],"curies":[{"name":"wp","href":"https:\/\/api.w.org\/{rel}","templated":true}]}}