{"id":801,"date":"2025-08-27T09:36:13","date_gmt":"2025-08-27T09:36:13","guid":{"rendered":"https:\/\/www.corbetta-enea-shop.com\/b2b\/prodotto\/motozappa-mini-fg-205-honda\/"},"modified":"2025-12-18T11:50:59","modified_gmt":"2025-12-18T11:50:59","slug":"motozappa-mini-fg-205-honda","status":"publish","type":"product","link":"https:\/\/www.corbetta-enea-shop.com\/b2b\/prodotto\/motozappa-mini-fg-205-honda\/","title":{"rendered":"MOTOZAPPA MINI FG 205 HONDA"},"content":{"rendered":"<p>Funzione; Larghezza di lavoro massima (mm) 450, Profondit\u00e0 di lavoro massima (mm) 260, Velocit\u00e0 di marcia avanti 1, Velocit\u00e0 di rotazione in avanti (giri\/min.) 135 giri\/min. Dimensioni; Dimensioni (L x P x A) (mm) 1,155 x 510 x 1,035, Peso a secco (kg) 21. Motore; Motore OHC 4 tempi, Modello motore GXV50, Cilindrata del motore (cc) 49, Potenza netta del motore (kW\/ giri\/min.) 1.3\/4,800, Capacit\u00e0 del serbatoio carburante (litri) 0.35, Capacit\u00e0 olio motore (litri) 0.3, Avviamento Avviamento a strappo, Frizione di trasmissione Automatica \u2013 Centrifuga, Trasmissione Ingranaggio a vite, Pressione sonora all&#8217;orecchio dell&#8217;operatore (dB(A)+) 76.6, Livello di potenza sonora garantito (dB(A)++) 90.3, Vibrazioni (m\/sec\u00b2) 12.5.<\/p>\n","protected":false},"excerpt":{"rendered":"<p>Funzione; Larghezza di lavoro massima (mm) 450, Profondit\u00e0 di lavoro massima (mm) 260, Velocit\u00e0 di marcia avanti 1.<\/p>\n","protected":false},"featured_media":2076,"template":"","meta":[],"product_brand":[],"product_cat":[16,39,99],"product_tag":[207,154,175],"class_list":{"0":"post-801","1":"product","2":"type-product","3":"status-publish","4":"has-post-thumbnail","6":"product_cat-16","7":"product_cat-39","8":"product_cat-99","9":"product_tag-honda","10":"product_tag-motore-a-scoppio","11":"product_tag-motozappa","13":"first","14":"instock","15":"shipping-taxable","16":"purchasable","17":"product-type-simple"},"_links":{"self":[{"href":"https:\/\/www.corbetta-enea-shop.com\/b2b\/wp-json\/wp\/v2\/product\/801","targetHints":{"allow":["GET"]}}],"collection":[{"href":"https:\/\/www.corbetta-enea-shop.com\/b2b\/wp-json\/wp\/v2\/product"}],"about":[{"href":"https:\/\/www.corbetta-enea-shop.com\/b2b\/wp-json\/wp\/v2\/types\/product"}],"wp:featuredmedia":[{"embeddable":true,"href":"https:\/\/www.corbetta-enea-shop.com\/b2b\/wp-json\/wp\/v2\/media\/2076"}],"wp:attachment":[{"href":"https:\/\/www.corbetta-enea-shop.com\/b2b\/wp-json\/wp\/v2\/media?parent=801"}],"wp:term":[{"taxonomy":"product_brand","embeddable":true,"href":"https:\/\/www.corbetta-enea-shop.com\/b2b\/wp-json\/wp\/v2\/product_brand?post=801"},{"taxonomy":"product_cat","embeddable":true,"href":"https:\/\/www.corbetta-enea-shop.com\/b2b\/wp-json\/wp\/v2\/product_cat?post=801"},{"taxonomy":"product_tag","embeddable":true,"href":"https:\/\/www.corbetta-enea-shop.com\/b2b\/wp-json\/wp\/v2\/product_tag?post=801"}],"curies":[{"name":"wp","href":"https:\/\/api.w.org\/{rel}","templated":true}]}}