{"id":807,"date":"2025-08-27T09:37:07","date_gmt":"2025-08-27T09:37:07","guid":{"rendered":"https:\/\/www.corbetta-enea-shop.com\/b2b\/prodotto\/motozappa-a-scoppio-fj-500-se-honda\/"},"modified":"2025-12-18T11:51:47","modified_gmt":"2025-12-18T11:51:47","slug":"motozappa-a-scoppio-fj-500-se-honda","status":"publish","type":"product","link":"https:\/\/www.corbetta-enea-shop.com\/b2b\/prodotto\/motozappa-a-scoppio-fj-500-se-honda\/","title":{"rendered":"MOTOZAPPA A SCOPPIO FJ 500 SE HONDA"},"content":{"rendered":"<p>Funzione; Larghezza di lavoro massima (mm): 800, Profondit\u00e0 di lavoro massima (mm): 325, Velocit\u00e0 di marcia avanti: 1, Velocit\u00e0 di retromarcia: 1, Velocit\u00e0 di rotazione in avanti (giri\/min.): 113 giri\/min, Velocit\u00e0 di rotazione all&#8217;indietro (giri\/min.): 28 giri\/min, Dimensioni; Dimensioni (L x P x A) (mm): 1,395 x 610 x 980, Peso a secco (kg): 45\/57, Motore; Motore: OHC 4 tempi, Modello motore: GX160, Cilindrata del motore (cc): 163, Potenza netta del motore (kW\/ giri\/min.): 3.4\/3,600, Coppia netta del motore (Nm\/ giri\/min.): 10.3 \/ 2,500, Capacit\u00e0 del serbatoio carburante (litri): 2.4, Capacit\u00e0 olio motore (litri): 0.58, Avviamento: Avviamento a strappo, Frizione di trasmissione: Manuale &#8211; Tensione della cinghia, Trasmissione: Ingranaggio costante, Trasmissione finale: Catena, Pressione sonora all&#8217;orecchio dell&#8217;operatore (dB(A)+): 81, Livello di potenza sonora garantito (dB(A)++): 96, Vibrazioni (m\/sec\u00b2): 5.6.<\/p>\n","protected":false},"excerpt":{"rendered":"<p>Funzione; Larghezza di lavoro massima (mm): 800, Profondit\u00e0 di lavoro massima (mm): 325, Velocit\u00e0 di marcia avanti: 1.<\/p>\n","protected":false},"featured_media":2079,"template":"","meta":[],"product_brand":[],"product_cat":[16,39,99],"product_tag":[207,154,175],"class_list":{"0":"post-807","1":"product","2":"type-product","3":"status-publish","4":"has-post-thumbnail","6":"product_cat-16","7":"product_cat-39","8":"product_cat-99","9":"product_tag-honda","10":"product_tag-motore-a-scoppio","11":"product_tag-motozappa","13":"first","14":"instock","15":"shipping-taxable","16":"purchasable","17":"product-type-simple"},"_links":{"self":[{"href":"https:\/\/www.corbetta-enea-shop.com\/b2b\/wp-json\/wp\/v2\/product\/807","targetHints":{"allow":["GET"]}}],"collection":[{"href":"https:\/\/www.corbetta-enea-shop.com\/b2b\/wp-json\/wp\/v2\/product"}],"about":[{"href":"https:\/\/www.corbetta-enea-shop.com\/b2b\/wp-json\/wp\/v2\/types\/product"}],"wp:featuredmedia":[{"embeddable":true,"href":"https:\/\/www.corbetta-enea-shop.com\/b2b\/wp-json\/wp\/v2\/media\/2079"}],"wp:attachment":[{"href":"https:\/\/www.corbetta-enea-shop.com\/b2b\/wp-json\/wp\/v2\/media?parent=807"}],"wp:term":[{"taxonomy":"product_brand","embeddable":true,"href":"https:\/\/www.corbetta-enea-shop.com\/b2b\/wp-json\/wp\/v2\/product_brand?post=807"},{"taxonomy":"product_cat","embeddable":true,"href":"https:\/\/www.corbetta-enea-shop.com\/b2b\/wp-json\/wp\/v2\/product_cat?post=807"},{"taxonomy":"product_tag","embeddable":true,"href":"https:\/\/www.corbetta-enea-shop.com\/b2b\/wp-json\/wp\/v2\/product_tag?post=807"}],"curies":[{"name":"wp","href":"https:\/\/api.w.org\/{rel}","templated":true}]}}