{"id":895,"date":"2025-08-27T09:51:27","date_gmt":"2025-08-27T09:51:27","guid":{"rendered":"https:\/\/www.corbetta-enea-shop.com\/b2b\/prodotto\/decespugliatore-ums-425-ln-honda\/"},"modified":"2025-12-18T12:02:19","modified_gmt":"2025-12-18T12:02:19","slug":"decespugliatore-ums-425-ln-honda","status":"publish","type":"product","link":"https:\/\/www.corbetta-enea-shop.com\/b2b\/prodotto\/decespugliatore-ums-425-ln-honda\/","title":{"rendered":"DECESPUGLIATORE UMS 425 LN HONDA"},"content":{"rendered":"<p>Motore: OHC 4 tempi, Cilindrata del motore (cc): 25, Modello motore: GX25T, Potenza netta del motore (kW\/ giri\/min.): 0.72\/7,000, Capacit\u00e0 del serbatoio carburante (litri): 0.58, Capacit\u00e0 olio del motore (litri): 0.08, Tipo di trasmissione: Frizione centrifuga, Livello di rumorosit\u00e0 \u2013 Livello di potenza sonora (dB(A)): 109, Tipo di albero: Curvo, Impugnatura: a \u201cD\u201d, Accessori decespugliatore: Testina nylon batti e vai, Peso a secco (kg): 5.49, Dimensioni (lung. x Larg. x alt.) (mm): 1,708 x 223 x 413.<\/p>\n","protected":false},"excerpt":{"rendered":"<p>Motore: OHC 4 tempi, Cilindrata del motore (cc): 25, Modello motore: GX25T, Potenza netta del motore (kW\/ giri\/min.): 0.72\/7,000.<\/p>\n","protected":false},"featured_media":2122,"template":"","meta":[],"product_brand":[],"product_cat":[31,75,16],"product_tag":[162,207,154],"class_list":{"0":"post-895","1":"product","2":"type-product","3":"status-publish","4":"has-post-thumbnail","6":"product_cat-31","7":"product_cat-75","8":"product_cat-16","9":"product_tag-decespugliatore","10":"product_tag-honda","11":"product_tag-motore-a-scoppio","13":"first","14":"instock","15":"shipping-taxable","16":"purchasable","17":"product-type-simple"},"_links":{"self":[{"href":"https:\/\/www.corbetta-enea-shop.com\/b2b\/wp-json\/wp\/v2\/product\/895","targetHints":{"allow":["GET"]}}],"collection":[{"href":"https:\/\/www.corbetta-enea-shop.com\/b2b\/wp-json\/wp\/v2\/product"}],"about":[{"href":"https:\/\/www.corbetta-enea-shop.com\/b2b\/wp-json\/wp\/v2\/types\/product"}],"wp:featuredmedia":[{"embeddable":true,"href":"https:\/\/www.corbetta-enea-shop.com\/b2b\/wp-json\/wp\/v2\/media\/2122"}],"wp:attachment":[{"href":"https:\/\/www.corbetta-enea-shop.com\/b2b\/wp-json\/wp\/v2\/media?parent=895"}],"wp:term":[{"taxonomy":"product_brand","embeddable":true,"href":"https:\/\/www.corbetta-enea-shop.com\/b2b\/wp-json\/wp\/v2\/product_brand?post=895"},{"taxonomy":"product_cat","embeddable":true,"href":"https:\/\/www.corbetta-enea-shop.com\/b2b\/wp-json\/wp\/v2\/product_cat?post=895"},{"taxonomy":"product_tag","embeddable":true,"href":"https:\/\/www.corbetta-enea-shop.com\/b2b\/wp-json\/wp\/v2\/product_tag?post=895"}],"curies":[{"name":"wp","href":"https:\/\/api.w.org\/{rel}","templated":true}]}}