{"id":917,"date":"2025-09-04T09:43:54","date_gmt":"2025-09-04T09:43:54","guid":{"rendered":"https:\/\/www.corbetta-enea-shop.com\/b2b\/prodotto\/arieggiatore-elettrico-sv-213-e-stiga\/"},"modified":"2025-12-18T12:05:34","modified_gmt":"2025-12-18T12:05:34","slug":"arieggiatore-elettrico-sv-213-e-stiga","status":"publish","type":"product","link":"https:\/\/www.corbetta-enea-shop.com\/b2b\/prodotto\/arieggiatore-elettrico-sv-213-e-stiga\/","title":{"rendered":"ARIEGGIATORE ELETTRICO SV 213 E STIGA"},"content":{"rendered":"<p>Info generali; EAN\/UPC 8008984622401, SKU 290002132\/14, Level Essential, Potenza;<br \/>\nAlimentazione Elettrico, Potenza 1.3 kW, Tipo di motore con spazzole, Velocit\u00e0 massima motore 3900 rpm, Sistema di taglio; Numero lame 16, Numero molle 36, Sistema di lavoro; Sistema di lavoro 16 lame o 35 molle, Ampiezza di lavoro 32 cm, Profondit\u00e0 di lavoro 0.6 cm, Doppia funzione Si, Equipaggiamento; Capacit\u00e0 sacco raccolta 40 l, Dimensioni ruote 200 mm, Tipo di attacco Schuko (Tipo F), Dati di vibrazione e rumorosit\u00e0; Livello di potenza sonora garantito (LwA) dB(A) 94, Livello di potenza sonora misurato (LwA) dB(A) 91, Livello di pressione sonora all&#8217;orecchio operatore (LpA) dB(A) 82, Dimensioni complessive; Peso confezione 12.21 kg, Lunghezza prodotto 1033 mm, Larghezza prodotto 546 mm, Altezza prodotto 1005 mm, Peso prodotto 10.2 kg.<\/p>\n","protected":false},"excerpt":{"rendered":"<p>Info generali; EAN\/UPC 8008984622401, SKU 290002132\/14, Level Essential,  Potenza; Alimentazione Elettrico, Potenza 1.3 kW.<\/p>\n","protected":false},"featured_media":1975,"template":"","meta":[],"product_brand":[],"product_cat":[26,62,16],"product_tag":[160,163,211],"class_list":{"0":"post-917","1":"product","2":"type-product","3":"status-publish","4":"has-post-thumbnail","6":"product_cat-26","7":"product_cat-62","8":"product_cat-16","9":"product_tag-arieggiatore","10":"product_tag-motore-elettrico","11":"product_tag-stiga","13":"first","14":"instock","15":"shipping-taxable","16":"purchasable","17":"product-type-simple"},"_links":{"self":[{"href":"https:\/\/www.corbetta-enea-shop.com\/b2b\/wp-json\/wp\/v2\/product\/917","targetHints":{"allow":["GET"]}}],"collection":[{"href":"https:\/\/www.corbetta-enea-shop.com\/b2b\/wp-json\/wp\/v2\/product"}],"about":[{"href":"https:\/\/www.corbetta-enea-shop.com\/b2b\/wp-json\/wp\/v2\/types\/product"}],"wp:featuredmedia":[{"embeddable":true,"href":"https:\/\/www.corbetta-enea-shop.com\/b2b\/wp-json\/wp\/v2\/media\/1975"}],"wp:attachment":[{"href":"https:\/\/www.corbetta-enea-shop.com\/b2b\/wp-json\/wp\/v2\/media?parent=917"}],"wp:term":[{"taxonomy":"product_brand","embeddable":true,"href":"https:\/\/www.corbetta-enea-shop.com\/b2b\/wp-json\/wp\/v2\/product_brand?post=917"},{"taxonomy":"product_cat","embeddable":true,"href":"https:\/\/www.corbetta-enea-shop.com\/b2b\/wp-json\/wp\/v2\/product_cat?post=917"},{"taxonomy":"product_tag","embeddable":true,"href":"https:\/\/www.corbetta-enea-shop.com\/b2b\/wp-json\/wp\/v2\/product_tag?post=917"}],"curies":[{"name":"wp","href":"https:\/\/api.w.org\/{rel}","templated":true}]}}