{"id":919,"date":"2025-09-04T09:44:10","date_gmt":"2025-09-04T09:44:10","guid":{"rendered":"https:\/\/www.corbetta-enea-shop.com\/b2b\/prodotto\/scarificatore-elettrico-sv-415-e-stiga\/"},"modified":"2025-12-18T12:05:46","modified_gmt":"2025-12-18T12:05:46","slug":"scarificatore-elettrico-sv-415-e-stiga","status":"publish","type":"product","link":"https:\/\/www.corbetta-enea-shop.com\/b2b\/prodotto\/scarificatore-elettrico-sv-415-e-stiga\/","title":{"rendered":"SCARIFICATORE ELETTRICO SV 415 E STIGA"},"content":{"rendered":"<p>Info generali; EAN\/UPC 8008984622425, SKU 290002152\/14, Level Essential, Potenza; Alimentazione Elettrico, Potenza 1.5 kW, Tipo di motore Con spazzole, Velocit\u00e0 massima motore 4000 rpm, Sistema di taglio; Numero lame 20, Numero molle 44, Sistema di lavoro; Sistema di lavoro 20 lame o 44 molle, Ampiezza di lavoro 38 cm, Profondit\u00e0 di lavoro 1.3 cm, Doppia funzione Si, Equipaggiamento; Capacit\u00e0 sacco raccolta 50 l, Dimensioni ruote 160 mm, Tipo di attacco Schuko (Tipo F), Dati di vibrazione e rumorosit\u00e0; Livello di potenza sonora garantito (LwA) dB(A) 94, Livello di potenza sonora misurato (LwA) dB(A) 90, Livello di pressione sonora all&#8217;orecchio operatore (LpA) dB(A) 81, Dimensioni complessive; Peso confezione 18.36 kg, Lunghezza prodotto 1215 mm, Larghezza prodotto 543 mm, Altezza prodotto 1064 mm, Peso prodotto 14.5 kg.<\/p>\n","protected":false},"excerpt":{"rendered":"<p>Info generali; EAN\/UPC 8008984622425, SKU 290002152\/14, Level Essential, Potenza; Alimentazione Elettrico, Potenza 1.5 kW.<\/p>\n","protected":false},"featured_media":2128,"template":"","meta":[],"product_brand":[],"product_cat":[26,62,16],"product_tag":[160,163,212,211],"class_list":{"0":"post-919","1":"product","2":"type-product","3":"status-publish","4":"has-post-thumbnail","6":"product_cat-26","7":"product_cat-62","8":"product_cat-16","9":"product_tag-arieggiatore","10":"product_tag-motore-elettrico","11":"product_tag-scarificatore","12":"product_tag-stiga","14":"first","15":"instock","16":"shipping-taxable","17":"purchasable","18":"product-type-simple"},"_links":{"self":[{"href":"https:\/\/www.corbetta-enea-shop.com\/b2b\/wp-json\/wp\/v2\/product\/919","targetHints":{"allow":["GET"]}}],"collection":[{"href":"https:\/\/www.corbetta-enea-shop.com\/b2b\/wp-json\/wp\/v2\/product"}],"about":[{"href":"https:\/\/www.corbetta-enea-shop.com\/b2b\/wp-json\/wp\/v2\/types\/product"}],"wp:featuredmedia":[{"embeddable":true,"href":"https:\/\/www.corbetta-enea-shop.com\/b2b\/wp-json\/wp\/v2\/media\/2128"}],"wp:attachment":[{"href":"https:\/\/www.corbetta-enea-shop.com\/b2b\/wp-json\/wp\/v2\/media?parent=919"}],"wp:term":[{"taxonomy":"product_brand","embeddable":true,"href":"https:\/\/www.corbetta-enea-shop.com\/b2b\/wp-json\/wp\/v2\/product_brand?post=919"},{"taxonomy":"product_cat","embeddable":true,"href":"https:\/\/www.corbetta-enea-shop.com\/b2b\/wp-json\/wp\/v2\/product_cat?post=919"},{"taxonomy":"product_tag","embeddable":true,"href":"https:\/\/www.corbetta-enea-shop.com\/b2b\/wp-json\/wp\/v2\/product_tag?post=919"}],"curies":[{"name":"wp","href":"https:\/\/api.w.org\/{rel}","templated":true}]}}