{"id":921,"date":"2025-09-04T09:44:33","date_gmt":"2025-09-04T09:44:33","guid":{"rendered":"https:\/\/www.corbetta-enea-shop.com\/b2b\/prodotto\/scarificatore-elettrico-src-775-rg-stiga\/"},"modified":"2025-12-18T12:06:01","modified_gmt":"2025-12-18T12:06:01","slug":"scarificatore-elettrico-src-775-rg-stiga","status":"publish","type":"product","link":"https:\/\/www.corbetta-enea-shop.com\/b2b\/prodotto\/scarificatore-elettrico-src-775-rg-stiga\/","title":{"rendered":"SCARIFICATORE ELETTRICO SRC 775 RG STIGA"},"content":{"rendered":"<p>Info generali; EAN\/UPC 8008984629103, SKU 212751142\/14, Level Experience, Potenza; Alimentazione Benzina 4 tempi, Potenza 3.1 kW, Brand motore STIGA, Modello motore TM 60, Cilindrata 182 cm\u00b3, RPM motore 3300 rpm, Velocit\u00e0 massima motore 3300 rpm, Capacit\u00e0 serbatoio carburante 3 l, Capacit\u00e0 olio scatola ingranaggi 0.5 l, Tipo filtro aria Spugna, Sistema di lavoro; Ampiezza di lavoro 75 cm, Numero rotori 6, Diametro rotori 320 mm, Protezione frese Si, Trasmissione; Numero marce 1 avanti + 1 retro, Trasmissione Catena e ingranaggio a ruota dentata in bagno d&#8217;olio + cinghia, Equipaggiamento; Ruote Plastica, Ruote di trasporto 1 ruota anteriore, Impugnatura regolabile Verticale e orizzontale, Impugnatura morbida No, Dati di vibrazione e rumorosit\u00e0; Livello di potenza sonora garantito (LwA) dB(A) 97, Livello di potenza sonora misurato (LwA) dB(A) 96.1, Livello di pressione sonora all&#8217;orecchio operatore (LpA) dB(A) 84.7, Livello vibrazioni impugnatura sinistra (m\/s2) 3.88, Livello vibrazioni impugnatura destra (m\/s2) 3.95, Dimensioni complessive; Peso confezione 58 kg, Lunghezza prodotto 1262 mm, Larghezza prodotto 741 mm, Altezza prodotto 1280 mm, Peso prodotto 53 kg.<\/p>\n","protected":false},"excerpt":{"rendered":"<p>Info generali; EAN\/UPC 8008984629103, SKU 212751142\/14, Level Experience, Potenza; Alimentazione Benzina 4 tempi.<\/p>\n","protected":false},"featured_media":2129,"template":"","meta":[],"product_brand":[],"product_cat":[26,62,16],"product_tag":[163,212,211],"class_list":{"0":"post-921","1":"product","2":"type-product","3":"status-publish","4":"has-post-thumbnail","6":"product_cat-26","7":"product_cat-62","8":"product_cat-16","9":"product_tag-motore-elettrico","10":"product_tag-scarificatore","11":"product_tag-stiga","13":"first","14":"instock","15":"shipping-taxable","16":"purchasable","17":"product-type-simple"},"_links":{"self":[{"href":"https:\/\/www.corbetta-enea-shop.com\/b2b\/wp-json\/wp\/v2\/product\/921","targetHints":{"allow":["GET"]}}],"collection":[{"href":"https:\/\/www.corbetta-enea-shop.com\/b2b\/wp-json\/wp\/v2\/product"}],"about":[{"href":"https:\/\/www.corbetta-enea-shop.com\/b2b\/wp-json\/wp\/v2\/types\/product"}],"wp:featuredmedia":[{"embeddable":true,"href":"https:\/\/www.corbetta-enea-shop.com\/b2b\/wp-json\/wp\/v2\/media\/2129"}],"wp:attachment":[{"href":"https:\/\/www.corbetta-enea-shop.com\/b2b\/wp-json\/wp\/v2\/media?parent=921"}],"wp:term":[{"taxonomy":"product_brand","embeddable":true,"href":"https:\/\/www.corbetta-enea-shop.com\/b2b\/wp-json\/wp\/v2\/product_brand?post=921"},{"taxonomy":"product_cat","embeddable":true,"href":"https:\/\/www.corbetta-enea-shop.com\/b2b\/wp-json\/wp\/v2\/product_cat?post=921"},{"taxonomy":"product_tag","embeddable":true,"href":"https:\/\/www.corbetta-enea-shop.com\/b2b\/wp-json\/wp\/v2\/product_tag?post=921"}],"curies":[{"name":"wp","href":"https:\/\/api.w.org\/{rel}","templated":true}]}}