{"id":923,"date":"2025-09-04T09:44:52","date_gmt":"2025-09-04T09:44:52","guid":{"rendered":"https:\/\/www.corbetta-enea-shop.com\/b2b\/prodotto\/spazzatrice-sws-600-g-stiga\/"},"modified":"2025-12-18T12:06:16","modified_gmt":"2025-12-18T12:06:16","slug":"spazzatrice-sws-600-g-stiga","status":"publish","type":"product","link":"https:\/\/www.corbetta-enea-shop.com\/b2b\/prodotto\/spazzatrice-sws-600-g-stiga\/","title":{"rendered":"SPAZZATRICE SWS 600 G STIGA"},"content":{"rendered":"<p>Info generali; EAN\/UPC 8008984783805, SKU 219602532\/S17, Level Essential, Potenza; Alimentazione Benzina 4 tempi, Potenza 4.4 kW, Modello motore SM70, Cilindrata 212 cm\u00b3, Velocit\u00e0 massima motore 3600 rpm, Avviamento elettrico No, Capacit\u00e0 serbatoio carburante 3 l, Capacit\u00e0 serbatoio Olio motore 0.6 l, Tipo filtro aria Spugna + bagno d&#8217;olio, Sistema di lavoro; Ampiezza di lavoro 60 cm, Tipo di pulizia Avanti, Regolazione altezza spazzola S\u00ec &#8211; Ruotini pivottanti, Diametro spazzola 345 mm, Materiale spazzola Nylon, Copertura spazzola Si, Max angolo regolazione, sinistra\/destra 15\u00b0\/15\u00b0, Sistema di guida; Avanzamento A trazione, Trasmissione; Numero marce 6 avanti + 2 retro, Trasmissione Disco frizione, Equipaggiamento; Ruote 14&#8243; x 4.60-6, Ruote Ruote da neve, Dati di vibrazione e rumorosit\u00e0; Livello di potenza sonora garantito (LwA) dB(A) 99, Livello di potenza sonora misurato (LwA) dB(A) 96, Livello di pressione sonora all&#8217;orecchio operatore (LpA) dB(A) 84.8, Livello vibrazini impugnatura sinistra (m\/s2) 4.819 (LEFT), Livello vibrazini impugnatura destra (m\/s2) 5.194 (RIGHT), Dimensioni complessive; Peso confezione 89 kg, Lunghezza prodotto 1440 mm, Larghezza prodotto 600 mm, Altezza prodotto 1130 mm, Peso prodotto 71 kg.<\/p>\n","protected":false},"excerpt":{"rendered":"<p>Info generali; EAN\/UPC 8008984783805, SKU 219602532\/S17, Level Essential, Potenza; Alimentazione Benzina 4 tempi.<\/p>\n","protected":false},"featured_media":2130,"template":"","meta":[],"product_brand":[],"product_cat":[23,16],"product_tag":[154,213,211],"class_list":{"0":"post-923","1":"product","2":"type-product","3":"status-publish","4":"has-post-thumbnail","6":"product_cat-23","7":"product_cat-16","8":"product_tag-motore-a-scoppio","9":"product_tag-spazzatrice","10":"product_tag-stiga","12":"first","13":"instock","14":"shipping-taxable","15":"purchasable","16":"product-type-simple"},"_links":{"self":[{"href":"https:\/\/www.corbetta-enea-shop.com\/b2b\/wp-json\/wp\/v2\/product\/923","targetHints":{"allow":["GET"]}}],"collection":[{"href":"https:\/\/www.corbetta-enea-shop.com\/b2b\/wp-json\/wp\/v2\/product"}],"about":[{"href":"https:\/\/www.corbetta-enea-shop.com\/b2b\/wp-json\/wp\/v2\/types\/product"}],"wp:featuredmedia":[{"embeddable":true,"href":"https:\/\/www.corbetta-enea-shop.com\/b2b\/wp-json\/wp\/v2\/media\/2130"}],"wp:attachment":[{"href":"https:\/\/www.corbetta-enea-shop.com\/b2b\/wp-json\/wp\/v2\/media?parent=923"}],"wp:term":[{"taxonomy":"product_brand","embeddable":true,"href":"https:\/\/www.corbetta-enea-shop.com\/b2b\/wp-json\/wp\/v2\/product_brand?post=923"},{"taxonomy":"product_cat","embeddable":true,"href":"https:\/\/www.corbetta-enea-shop.com\/b2b\/wp-json\/wp\/v2\/product_cat?post=923"},{"taxonomy":"product_tag","embeddable":true,"href":"https:\/\/www.corbetta-enea-shop.com\/b2b\/wp-json\/wp\/v2\/product_tag?post=923"}],"curies":[{"name":"wp","href":"https:\/\/api.w.org\/{rel}","templated":true}]}}