{"id":939,"date":"2025-09-04T09:47:14","date_gmt":"2025-09-04T09:47:14","guid":{"rendered":"https:\/\/www.corbetta-enea-shop.com\/b2b\/prodotto\/scarificatore-elettrico-src-685-rg-stiga\/"},"modified":"2025-12-18T12:08:07","modified_gmt":"2025-12-18T12:08:07","slug":"scarificatore-elettrico-src-685-rg-stiga","status":"publish","type":"product","link":"https:\/\/www.corbetta-enea-shop.com\/b2b\/prodotto\/scarificatore-elettrico-src-685-rg-stiga\/","title":{"rendered":"SCARIFICATORE ELETTRICO SRC 685 RG STIGA"},"content":{"rendered":"<p>Info generali; EAN\/UPC 8008984813960, SKU 213851142\/ST1, Level Expert, Potenza; Alimentazione Benzina 4 tempi, Potenza 3.5 kW, Brand motore STIGA, Modello motore TM 60, Cilindrata 182 cm\u00b3, RPM motore 3300 rpm, Velocit\u00e0 massima motore 3300 rpm, Capacit\u00e0 serbatoio carburante 3 l, Capacit\u00e0 olio scatola ingranaggi 0.5 l, Tipo filtro aria Bagno d&#8217;olio, Sistema di lavoro; Ampiezza di lavoro 85 cm, Profondit\u00e0 di lavoro 15 cm, Numero rotori 6, Diametro rotori 245 mm, Protezione frese Si, Trasmissione; Numero marce 2 avanti + 1 retro, Trasmissione Catena e ingranaggio a ruota dentata in bagno d&#8217;olio + cinghia, Equipaggiamento; Ruote Plastica + Gomma, Ruote di trasporto 1 ruota anteriore, Impugnatura regolabile Si, Impugnatura morbida Si, Dati di vibrazione e rumorosit\u00e0; Livello di potenza sonora misurato (LwA) dB(A) 95.6, Livello di pressione sonora all&#8217;orecchio operatore (LpA) dB(A) 81.54, Livello vibrazioni impugnatura sinistra (m\/s2) 4.53, Livello vibrazioni impugnatura destra (m\/s2) 3.67, Dimensioni complessive; Peso confezione 72.5 kg, Lunghezza prodotto 1680 mm, Larghezza prodotto 850 mm, Altezza prodotto 1050 mm, Peso prodotto 62.5 kg.<\/p>\n","protected":false},"excerpt":{"rendered":"<p>Info generali; EAN\/UPC 8008984813960, SKU 213851142\/ST1, Level Expert, Potenza; Alimentazione Benzina 4 tempi.<\/p>\n","protected":false},"featured_media":2138,"template":"","meta":[],"product_brand":[],"product_cat":[26,62,16],"product_tag":[163,212,211],"class_list":{"0":"post-939","1":"product","2":"type-product","3":"status-publish","4":"has-post-thumbnail","6":"product_cat-26","7":"product_cat-62","8":"product_cat-16","9":"product_tag-motore-elettrico","10":"product_tag-scarificatore","11":"product_tag-stiga","13":"first","14":"instock","15":"shipping-taxable","16":"purchasable","17":"product-type-simple"},"_links":{"self":[{"href":"https:\/\/www.corbetta-enea-shop.com\/b2b\/wp-json\/wp\/v2\/product\/939","targetHints":{"allow":["GET"]}}],"collection":[{"href":"https:\/\/www.corbetta-enea-shop.com\/b2b\/wp-json\/wp\/v2\/product"}],"about":[{"href":"https:\/\/www.corbetta-enea-shop.com\/b2b\/wp-json\/wp\/v2\/types\/product"}],"wp:featuredmedia":[{"embeddable":true,"href":"https:\/\/www.corbetta-enea-shop.com\/b2b\/wp-json\/wp\/v2\/media\/2138"}],"wp:attachment":[{"href":"https:\/\/www.corbetta-enea-shop.com\/b2b\/wp-json\/wp\/v2\/media?parent=939"}],"wp:term":[{"taxonomy":"product_brand","embeddable":true,"href":"https:\/\/www.corbetta-enea-shop.com\/b2b\/wp-json\/wp\/v2\/product_brand?post=939"},{"taxonomy":"product_cat","embeddable":true,"href":"https:\/\/www.corbetta-enea-shop.com\/b2b\/wp-json\/wp\/v2\/product_cat?post=939"},{"taxonomy":"product_tag","embeddable":true,"href":"https:\/\/www.corbetta-enea-shop.com\/b2b\/wp-json\/wp\/v2\/product_tag?post=939"}],"curies":[{"name":"wp","href":"https:\/\/api.w.org\/{rel}","templated":true}]}}