{"id":941,"date":"2025-09-04T09:47:31","date_gmt":"2025-09-04T09:47:31","guid":{"rendered":"https:\/\/www.corbetta-enea-shop.com\/b2b\/prodotto\/scarificatore-elettrico-src-36-v-stiga\/"},"modified":"2025-12-18T12:08:22","modified_gmt":"2025-12-18T12:08:22","slug":"scarificatore-elettrico-src-36-v-stiga","status":"publish","type":"product","link":"https:\/\/www.corbetta-enea-shop.com\/b2b\/prodotto\/scarificatore-elettrico-src-36-v-stiga\/","title":{"rendered":"SCARIFICATORE ELETTRICO SRC 36 V STIGA"},"content":{"rendered":"<p>Info generali; EAN\/UPC 8008984821484, SKU 211360042\/ST1, Level Essential, Potenza; Alimentazione Benzina 4 tempi, Potenza 1.9 kW, Brand motore STIGA, Modello motore ST 120 OHV Autochoke, Cilindrata 123 cm\u00b3, RPM motore 3200 rpm, Velocit\u00e0 massima motore 3200 rpm, Capacit\u00e0 serbatoio carburante 0.75 l, Capacit\u00e0 serbatoio Olio motore 0.5 l, Capacit\u00e0 olio scatola ingranaggi 0.25 l, Tipo filtro aria Spugna, Sistema di lavoro; Ampiezza di lavoro 36 cm, Profondit\u00e0 di lavoro 10 cm, Numero rotori 4, Diametro rotori 245 mm, Protezione frese No, Trasmissione; Numero marce 1 avanti, Trasmissione Vite senza fine e ingranaggio a ruota dentata in bagno d&#8217;olio + cinghia, Equipaggiamento; Ruote Plastica + Gomma, Ruote di trasporto 1 ruota anteriore, Impugnatura regolabile Si, Impugnatura morbida Si, Dati di vibrazione e rumorosit\u00e0; Livello di potenza sonora garantito (LwA) dB(A) 93, Livello di potenza sonora misurato (LwA) dB(A) 91, Livello di pressione sonora all&#8217;orecchio operatore (LpA) dB(A) 76, Livello vibrazioni impugnatura sinistra (m\/s2) 4.5, Livello vibrazioni impugnatura destra (m\/s2) 4.5, Dimensioni complessive; Peso confezione 32.9 kg, Lunghezza prodotto 1200 mm, Larghezza prodotto 410 mm, Altezza prodotto 900 mm, Peso prodotto 29 kg.<\/p>\n","protected":false},"excerpt":{"rendered":"<p>Info generali; EAN\/UPC 8008984821484, SKU 211360042\/ST1, Level Essential, Potenza; Alimentazione Benzina 4 tempi.<\/p>\n","protected":false},"featured_media":2139,"template":"","meta":[],"product_brand":[],"product_cat":[26,62,16],"product_tag":[160,163,212,211],"class_list":{"0":"post-941","1":"product","2":"type-product","3":"status-publish","4":"has-post-thumbnail","6":"product_cat-26","7":"product_cat-62","8":"product_cat-16","9":"product_tag-arieggiatore","10":"product_tag-motore-elettrico","11":"product_tag-scarificatore","12":"product_tag-stiga","14":"first","15":"instock","16":"shipping-taxable","17":"purchasable","18":"product-type-simple"},"_links":{"self":[{"href":"https:\/\/www.corbetta-enea-shop.com\/b2b\/wp-json\/wp\/v2\/product\/941","targetHints":{"allow":["GET"]}}],"collection":[{"href":"https:\/\/www.corbetta-enea-shop.com\/b2b\/wp-json\/wp\/v2\/product"}],"about":[{"href":"https:\/\/www.corbetta-enea-shop.com\/b2b\/wp-json\/wp\/v2\/types\/product"}],"wp:featuredmedia":[{"embeddable":true,"href":"https:\/\/www.corbetta-enea-shop.com\/b2b\/wp-json\/wp\/v2\/media\/2139"}],"wp:attachment":[{"href":"https:\/\/www.corbetta-enea-shop.com\/b2b\/wp-json\/wp\/v2\/media?parent=941"}],"wp:term":[{"taxonomy":"product_brand","embeddable":true,"href":"https:\/\/www.corbetta-enea-shop.com\/b2b\/wp-json\/wp\/v2\/product_brand?post=941"},{"taxonomy":"product_cat","embeddable":true,"href":"https:\/\/www.corbetta-enea-shop.com\/b2b\/wp-json\/wp\/v2\/product_cat?post=941"},{"taxonomy":"product_tag","embeddable":true,"href":"https:\/\/www.corbetta-enea-shop.com\/b2b\/wp-json\/wp\/v2\/product_tag?post=941"}],"curies":[{"name":"wp","href":"https:\/\/api.w.org\/{rel}","templated":true}]}}