{"id":947,"date":"2025-09-04T09:53:28","date_gmt":"2025-09-04T09:53:28","guid":{"rendered":"https:\/\/www.corbetta-enea-shop.com\/b2b\/prodotto\/scarificatore-svp-40-g-stiga\/"},"modified":"2025-12-18T12:09:14","modified_gmt":"2025-12-18T12:09:14","slug":"scarificatore-svp-40-g-stiga","status":"publish","type":"product","link":"https:\/\/www.corbetta-enea-shop.com\/b2b\/prodotto\/scarificatore-svp-40-g-stiga\/","title":{"rendered":"SCARIFICATORE SVP 40 G STIGA"},"content":{"rendered":"<p>Info generali; EAN\/UPC 8008984838482, SKU 211400248\/ST1, Level Experience, Potenza; Alimentazione Benzina 4 tempi, Potenza 4 kW, Cilindrata 182 cm\u00b3, RPM motore 3600 rpm, Velocit\u00e0 massima motore 3600 rpm, Avviamento A strappo, Capacit\u00e0 serbatoio carburante 3 l, Capacit\u00e0 serbatoio Olio motore 0.6 l, Tipo carburatore Valvola a farfalla, Sistema di taglio; Numero lame 32, Sistema di lavoro; Sistema di lavoro 32 lame mobili, Ampiezza di lavoro 40 cm, Profondit\u00e0 di lavoro 1.5 cm, Doppia funzione No, Equipaggiamento; Capacit\u00e0 sacco raccolta 50 l, Dimensioni ruote 180 mm, Dati di vibrazione e rumorosit\u00e0; Livello di potenza sonora garantito (LwA) dB(A) 100, Livello di potenza sonora misurato (LwA) dB(A) 99 (98.82), Livello di pressione sonora all&#8217;orecchio operatore (LpA) dB(A) 86.54, Dimensioni complessive; Peso confezione 48 kg, Lunghezza prodotto 1160 mm, Larghezza prodotto 620 mm, Altezza prodotto 1135 mm, Peso prodotto 44 kg.<\/p>\n","protected":false},"excerpt":{"rendered":"<p>Info generali; EAN\/UPC 8008984838482, SKU 211400248\/ST1, Level Experience, Potenza; Alimentazione Benzina 4 tempi.<\/p>\n","protected":false},"featured_media":2142,"template":"","meta":[],"product_brand":[],"product_cat":[26,60,16],"product_tag":[160,154,212,211],"class_list":{"0":"post-947","1":"product","2":"type-product","3":"status-publish","4":"has-post-thumbnail","6":"product_cat-26","7":"product_cat-60","8":"product_cat-16","9":"product_tag-arieggiatore","10":"product_tag-motore-a-scoppio","11":"product_tag-scarificatore","12":"product_tag-stiga","14":"first","15":"instock","16":"shipping-taxable","17":"purchasable","18":"product-type-simple"},"_links":{"self":[{"href":"https:\/\/www.corbetta-enea-shop.com\/b2b\/wp-json\/wp\/v2\/product\/947","targetHints":{"allow":["GET"]}}],"collection":[{"href":"https:\/\/www.corbetta-enea-shop.com\/b2b\/wp-json\/wp\/v2\/product"}],"about":[{"href":"https:\/\/www.corbetta-enea-shop.com\/b2b\/wp-json\/wp\/v2\/types\/product"}],"wp:featuredmedia":[{"embeddable":true,"href":"https:\/\/www.corbetta-enea-shop.com\/b2b\/wp-json\/wp\/v2\/media\/2142"}],"wp:attachment":[{"href":"https:\/\/www.corbetta-enea-shop.com\/b2b\/wp-json\/wp\/v2\/media?parent=947"}],"wp:term":[{"taxonomy":"product_brand","embeddable":true,"href":"https:\/\/www.corbetta-enea-shop.com\/b2b\/wp-json\/wp\/v2\/product_brand?post=947"},{"taxonomy":"product_cat","embeddable":true,"href":"https:\/\/www.corbetta-enea-shop.com\/b2b\/wp-json\/wp\/v2\/product_cat?post=947"},{"taxonomy":"product_tag","embeddable":true,"href":"https:\/\/www.corbetta-enea-shop.com\/b2b\/wp-json\/wp\/v2\/product_tag?post=947"}],"curies":[{"name":"wp","href":"https:\/\/api.w.org\/{rel}","templated":true}]}}