{"id":973,"date":"2025-09-04T09:57:04","date_gmt":"2025-09-04T09:57:04","guid":{"rendered":"https:\/\/www.corbetta-enea-shop.com\/b2b\/prodotto\/robot-tagliaerba-autonomo-a-5000-stiga\/"},"modified":"2025-12-18T12:12:18","modified_gmt":"2025-12-18T12:12:18","slug":"robot-tagliaerba-autonomo-a-5000-stiga","status":"publish","type":"product","link":"https:\/\/www.corbetta-enea-shop.com\/b2b\/prodotto\/robot-tagliaerba-autonomo-a-5000-stiga\/","title":{"rendered":"ROBOT TAGLIAERBA AUTONOMO A 5000 STIGA"},"content":{"rendered":"<p>Info generali; Lineup A-series, SKU 2R9106028\/ST1, EAN\/UPC 8008984852426, Level Expert, Tipo di perimetro Virtuale (senza cavo perimetrale), Potenza; Alimentazione Batteria, Capacit\u00e0 batteria 2 x 5 Ah, Power kit Incluso, ePower Si, Tempo di ricarica 150 m, Tempo massimo di taglio per ciclo 4 h 30 min, Area di taglio fino a 7000, Kit batteria Incluso, Tipo di motore Senza spazzole, Tipo batteria Ioni di litio, Voltaggio batteria 25.2 V, Sistema di ricarica Automatico, Sistema di taglio; Tipo di lama 6 lame pivotanti, Altezza di taglio a zona Si, Taglio organizzato Si, Gestione delle zone di taglio Fino a 10 (espandibile), Numero di zone di esclusione (ostacoli o zone di esclusione) 50 (espandibile), Regolazione intelligente dell&#8217;altezza di taglio Si, Esclusione zona virtuale Si, Larghezza di taglio 26 cm, Regolazione altezza di taglio Elettronica, Altezze di taglio 20 &#8211; 65 mm, Velocit\u00e0 lama 2400 rpm, Velocit\u00e0 massima di taglio 24 m\/m, Ritorno alla carica Percorso breve automatico, Sensori pioggia Si, Pendenza massima 50%, Equipaggiamento; Tipo di attacco Schuko (Tipo F), Navigazione e Dispositivi; Ricevitore bluetooth Si, GPS Si, Riferimento antenna GPS Incluso, Tecnologia AGS Stiga S\u00ec, Pacchetti di connettivit\u00e0 e navigazione inclusi Connettivit\u00e0 gratuita, Interfaccia utente Tastiera, Equipaggiamento standard e installazione; Base di ricarica Si, Chiodi di fissaggio 7 Pc, Sicurezza dei prodotti; Sensore di sollevamento Si, Sensori di rilevamento ostacoli Si, Notifica presenza ostacoli Si, APP Lock Si, Notifica furto Si, Sensore anti-ribaltamento Si, Dimensioni complessive; Peso confezione 22.5 kg, Peso prodotto senza batteria 11.9 kg, Lunghezza prodotto 695 mm, Larghezza prodotto 526 mm, Altezza prodotto 300 mm.<\/p>\n","protected":false},"excerpt":{"rendered":"<p>Info generali; Lineup A-series, SKU 2R9106028\/ST1, EAN\/UPC 8008984852426, Level Expert, Tipo di perimetro Virtuale (senza cavo perimetrale).<\/p>\n","protected":false},"featured_media":2155,"template":"","meta":[],"product_brand":[],"product_cat":[16,41,106],"product_tag":[161,178,179,211],"class_list":{"0":"post-973","1":"product","2":"type-product","3":"status-publish","4":"has-post-thumbnail","6":"product_cat-16","7":"product_cat-41","8":"product_cat-106","9":"product_tag-motore-a-batteria","10":"product_tag-robot-tosaerba","11":"product_tag-robottino","12":"product_tag-stiga","14":"first","15":"instock","16":"shipping-taxable","17":"purchasable","18":"product-type-simple"},"_links":{"self":[{"href":"https:\/\/www.corbetta-enea-shop.com\/b2b\/wp-json\/wp\/v2\/product\/973","targetHints":{"allow":["GET"]}}],"collection":[{"href":"https:\/\/www.corbetta-enea-shop.com\/b2b\/wp-json\/wp\/v2\/product"}],"about":[{"href":"https:\/\/www.corbetta-enea-shop.com\/b2b\/wp-json\/wp\/v2\/types\/product"}],"wp:featuredmedia":[{"embeddable":true,"href":"https:\/\/www.corbetta-enea-shop.com\/b2b\/wp-json\/wp\/v2\/media\/2155"}],"wp:attachment":[{"href":"https:\/\/www.corbetta-enea-shop.com\/b2b\/wp-json\/wp\/v2\/media?parent=973"}],"wp:term":[{"taxonomy":"product_brand","embeddable":true,"href":"https:\/\/www.corbetta-enea-shop.com\/b2b\/wp-json\/wp\/v2\/product_brand?post=973"},{"taxonomy":"product_cat","embeddable":true,"href":"https:\/\/www.corbetta-enea-shop.com\/b2b\/wp-json\/wp\/v2\/product_cat?post=973"},{"taxonomy":"product_tag","embeddable":true,"href":"https:\/\/www.corbetta-enea-shop.com\/b2b\/wp-json\/wp\/v2\/product_tag?post=973"}],"curies":[{"name":"wp","href":"https:\/\/api.w.org\/{rel}","templated":true}]}}